{"id":11,"date":"2024-03-11T11:19:50","date_gmt":"2024-03-11T11:19:50","guid":{"rendered":"http:\/\/xn--laviacr-7za.com\/?page_id=11"},"modified":"2025-10-30T08:56:33","modified_gmt":"2025-10-30T08:56:33","slug":"hola","status":"publish","type":"page","link":"http:\/\/xn--laviacr-7za.com\/","title":{"rendered":"BIENVENIDA"},"content":{"rendered":"\n<p class=\"has-text-align-center\"><strong>Desde casa rural La Vi\u00f1a, situada en Puebla de Alcocer, agradecemos que est\u00e9 leyendo estas l\u00edneas. Junto a la Plaza de Espa\u00f1a y la iglesia parroquial de Santiago Ap\u00f3stol, se encuentra nuestra casa rural, en la ubicaci\u00f3n perfecta para descubrir nuestro pueblo, aprender y entender su historia. Adem\u00e1s est\u00e1 enclavada en la Reserva de la Biosfera de La Siberia, lo que permite disfrutar de un entorno natural privilegiado, cuidado, sorprendente.<\/strong><\/p>\n\n\n\n<figure class=\"wp-block-video\"><video height=\"1080\" style=\"aspect-ratio: 2336 \/ 1080;\" width=\"2336\" controls src=\"http:\/\/xn--laviacr-7za.com\/wp-content\/uploads\/2024\/05\/2024_04_casa_rural_la_vina.mp4\"><\/video><\/figure>\n\n\n\n<p class=\"has-text-align-center\"><strong>En La Vi\u00f1a te esperamos para que disfrutes de una estancia agradable junto a tu familia, amigos o pareja. Nuestras 5 habitaciones, 2 salones y patio con piscina se disponen a dar soporte a esos momentos de reencuentro, desconexi\u00f3n, risas, confidencias, charlas, lecturas, etc.<\/strong><\/p>\n\n\n\n<div class=\"wp-block-columns is-layout-flex wp-container-core-columns-is-layout-9d6595d7 wp-block-columns-is-layout-flex\">\n<div class=\"wp-block-column is-layout-flow wp-block-column-is-layout-flow\">\n<figure class=\"wp-block-image size-large\"><img loading=\"lazy\" decoding=\"async\" width=\"1152\" height=\"1152\" src=\"http:\/\/xn--laviacr-7za.com\/wp-content\/uploads\/2024\/05\/WhatsApp-Image-2024-05-10-at-16.41.44-edited.jpeg\" alt=\"\" class=\"wp-image-385\" srcset=\"http:\/\/xn--laviacr-7za.com\/wp-content\/uploads\/2024\/05\/WhatsApp-Image-2024-05-10-at-16.41.44-edited.jpeg 1152w, http:\/\/xn--laviacr-7za.com\/wp-content\/uploads\/2024\/05\/WhatsApp-Image-2024-05-10-at-16.41.44-edited-300x300.jpeg 300w, http:\/\/xn--laviacr-7za.com\/wp-content\/uploads\/2024\/05\/WhatsApp-Image-2024-05-10-at-16.41.44-edited-1024x1024.jpeg 1024w, http:\/\/xn--laviacr-7za.com\/wp-content\/uploads\/2024\/05\/WhatsApp-Image-2024-05-10-at-16.41.44-edited-150x150.jpeg 150w, http:\/\/xn--laviacr-7za.com\/wp-content\/uploads\/2024\/05\/WhatsApp-Image-2024-05-10-at-16.41.44-edited-768x768.jpeg 768w, http:\/\/xn--laviacr-7za.com\/wp-content\/uploads\/2024\/05\/WhatsApp-Image-2024-05-10-at-16.41.44-edited-60x60.jpeg 60w\" sizes=\"auto, (max-width: 1152px) 100vw, 1152px\" \/><\/figure>\n\n\n\n<h4 class=\"wp-block-heading has-text-align-center has-black-color has-text-color has-link-color wp-elements-6e44c7a42726cfea2c297441e1141a81\">LA CASA<\/h4>\n\n\n\n<p class=\"has-text-align-center\">Creada desde el coraz\u00f3n desde un punto de vista sostenible, integrando elementos del entorno<\/p>\n\n\n\n<div class=\"wp-block-buttons is-content-justification-center is-layout-flex wp-container-core-buttons-is-layout-16018d1d wp-block-buttons-is-layout-flex\">\n<div class=\"wp-block-button\"><a class=\"wp-block-button__link wp-element-button\" href=\"http:\/\/xn--laviacr-7za.com\/index.php\/la-casa\/\">SABER MAS<\/a><\/div>\n<\/div>\n<\/div>\n\n\n\n<div class=\"wp-block-column is-layout-flow wp-block-column-is-layout-flow\">\n<figure class=\"wp-block-image size-full\"><img loading=\"lazy\" decoding=\"async\" width=\"2560\" height=\"2560\" src=\"http:\/\/xn--laviacr-7za.com\/wp-content\/uploads\/2024\/03\/IMG_3595-edited-3-scaled.jpeg\" alt=\"\" class=\"wp-image-90\" srcset=\"http:\/\/xn--laviacr-7za.com\/wp-content\/uploads\/2024\/03\/IMG_3595-edited-3-scaled.jpeg 2560w, http:\/\/xn--laviacr-7za.com\/wp-content\/uploads\/2024\/03\/IMG_3595-edited-3-300x300.jpeg 300w, http:\/\/xn--laviacr-7za.com\/wp-content\/uploads\/2024\/03\/IMG_3595-edited-3-1024x1024.jpeg 1024w, http:\/\/xn--laviacr-7za.com\/wp-content\/uploads\/2024\/03\/IMG_3595-edited-3-150x150.jpeg 150w, http:\/\/xn--laviacr-7za.com\/wp-content\/uploads\/2024\/03\/IMG_3595-edited-3-768x768.jpeg 768w, http:\/\/xn--laviacr-7za.com\/wp-content\/uploads\/2024\/03\/IMG_3595-edited-3-1536x1536.jpeg 1536w, http:\/\/xn--laviacr-7za.com\/wp-content\/uploads\/2024\/03\/IMG_3595-edited-3-2048x2048.jpeg 2048w, http:\/\/xn--laviacr-7za.com\/wp-content\/uploads\/2024\/03\/IMG_3595-edited-3-60x60.jpeg 60w\" sizes=\"auto, (max-width: 2560px) 100vw, 2560px\" \/><\/figure>\n\n\n\n<h4 class=\"wp-block-heading has-text-align-center has-black-color has-text-color has-link-color wp-elements-d9199690096c756afe64b9a872f41f79\">HABITACIONES<\/h4>\n\n\n\n<p class=\"has-text-align-center has-black-color has-text-color has-link-color wp-elements-3330a4148228c4f04725cda81ae09af7\">Decoradas funcionalmente y equipadas con todo lo necesario para hacer mas agradable tu estancia<\/p>\n\n\n\n<div class=\"wp-block-buttons alignwide is-content-justification-center is-layout-flex wp-container-core-buttons-is-layout-16018d1d wp-block-buttons-is-layout-flex\">\n<div class=\"wp-block-button\"><a class=\"wp-block-button__link has-text-align-center wp-element-button\" href=\"http:\/\/xn--laviacr-7za.com\/index.php\/habitaciones\/\">SABER MAS<\/a><\/div>\n<\/div>\n<\/div>\n\n\n\n<div class=\"wp-block-column is-layout-flow wp-block-column-is-layout-flow\">\n<figure class=\"wp-block-image size-full\"><img loading=\"lazy\" decoding=\"async\" width=\"1063\" height=\"1063\" src=\"http:\/\/xn--laviacr-7za.com\/wp-content\/uploads\/2024\/03\/WhatsApp-Image-2024-03-07-at-14.12.00-2-edited.jpeg\" alt=\"\" class=\"wp-image-107\" srcset=\"http:\/\/xn--laviacr-7za.com\/wp-content\/uploads\/2024\/03\/WhatsApp-Image-2024-03-07-at-14.12.00-2-edited.jpeg 1063w, http:\/\/xn--laviacr-7za.com\/wp-content\/uploads\/2024\/03\/WhatsApp-Image-2024-03-07-at-14.12.00-2-edited-300x300.jpeg 300w, http:\/\/xn--laviacr-7za.com\/wp-content\/uploads\/2024\/03\/WhatsApp-Image-2024-03-07-at-14.12.00-2-edited-1024x1024.jpeg 1024w, http:\/\/xn--laviacr-7za.com\/wp-content\/uploads\/2024\/03\/WhatsApp-Image-2024-03-07-at-14.12.00-2-edited-150x150.jpeg 150w, http:\/\/xn--laviacr-7za.com\/wp-content\/uploads\/2024\/03\/WhatsApp-Image-2024-03-07-at-14.12.00-2-edited-768x768.jpeg 768w, http:\/\/xn--laviacr-7za.com\/wp-content\/uploads\/2024\/03\/WhatsApp-Image-2024-03-07-at-14.12.00-2-edited-60x60.jpeg 60w\" sizes=\"auto, (max-width: 1063px) 100vw, 1063px\" \/><\/figure>\n\n\n\n<h4 class=\"wp-block-heading has-text-align-center has-black-color has-text-color has-link-color wp-elements-7046266f61d3b185077e2ead994dddd1\">ENTORNO<\/h4>\n\n\n\n<p class=\"has-text-align-center has-black-color has-text-color has-link-color wp-elements-f718d0fb2ba22f8a8b88527281a8ad25\">Con importante patrimonio hist\u00f3rico-art\u00edstico, forma parte de la Reserva de la Biosfera de La Siberia<\/p>\n\n\n\n<div class=\"wp-block-buttons alignwide is-content-justification-center is-layout-flex wp-container-core-buttons-is-layout-16018d1d wp-block-buttons-is-layout-flex\">\n<div class=\"wp-block-button\"><a class=\"wp-block-button__link has-text-align-center wp-element-button\" href=\"http:\/\/xn--laviacr-7za.com\/index.php\/entorno\/\">SABER MAS<\/a><\/div>\n<\/div>\n<\/div>\n<\/div>\n\n\n\n<hr class=\"wp-block-separator has-text-color has-black-color has-alpha-channel-opacity has-black-background-color has-background is-style-wide\"\/>\n\n\n\n<p class=\"has-text-align-center has-black-color has-text-color has-link-color wp-elements-7237ffb0a21782b343934bf69642ca4d\"><strong><em>Puebla de Alcocer ha sido cuna de personajes hist\u00f3ricos y territorio de destacados nobles espa\u00f1oles tal como Alonso Diego L\u00f3pez de Z\u00fa\u00f1iga Sotomayor y Guzm\u00e1n&nbsp;, reflejado por Miguel de Cervantes Saavedra en su obra El Quijote. La historia a\u00fan sigue viva, puedes comprobar que se sigue escribiendo, \u00bfquieres formar parte?<\/em> <\/strong><\/p>\n\n\n\n<hr class=\"wp-block-separator has-text-color has-black-color has-alpha-channel-opacity has-black-background-color has-background is-style-wide\"\/>\n\n\n\n<div class=\"wp-block-buttons is-content-justification-center is-layout-flex wp-container-core-buttons-is-layout-16018d1d wp-block-buttons-is-layout-flex\">\n<div class=\"wp-block-button\"><a class=\"wp-block-button__link wp-element-button\" href=\"http:\/\/xn--laviacr-7za.com\/index.php\/reservas\/\">RESERVA AHORA<\/a><\/div>\n<\/div>\n","protected":false},"excerpt":{"rendered":"<p>Desde casa rural La Vi\u00f1a, situada en Puebla de Alcocer, agradecemos que est\u00e9 leyendo estas l\u00edneas. Junto a la Plaza de Espa\u00f1a y la iglesia &hellip; <\/p>\n","protected":false},"author":1,"featured_media":0,"parent":0,"menu_order":0,"comment_status":"closed","ping_status":"closed","template":"","meta":{"_eb_attr":"","footnotes":""},"class_list":["post-11","page","type-page","status-publish","hentry","latest_post"],"_links":{"self":[{"href":"http:\/\/xn--laviacr-7za.com\/index.php\/wp-json\/wp\/v2\/pages\/11","targetHints":{"allow":["GET"]}}],"collection":[{"href":"http:\/\/xn--laviacr-7za.com\/index.php\/wp-json\/wp\/v2\/pages"}],"about":[{"href":"http:\/\/xn--laviacr-7za.com\/index.php\/wp-json\/wp\/v2\/types\/page"}],"author":[{"embeddable":true,"href":"http:\/\/xn--laviacr-7za.com\/index.php\/wp-json\/wp\/v2\/users\/1"}],"replies":[{"embeddable":true,"href":"http:\/\/xn--laviacr-7za.com\/index.php\/wp-json\/wp\/v2\/comments?post=11"}],"version-history":[{"count":52,"href":"http:\/\/xn--laviacr-7za.com\/index.php\/wp-json\/wp\/v2\/pages\/11\/revisions"}],"predecessor-version":[{"id":419,"href":"http:\/\/xn--laviacr-7za.com\/index.php\/wp-json\/wp\/v2\/pages\/11\/revisions\/419"}],"wp:attachment":[{"href":"http:\/\/xn--laviacr-7za.com\/index.php\/wp-json\/wp\/v2\/media?parent=11"}],"curies":[{"name":"wp","href":"https:\/\/api.w.org\/{rel}","templated":true}]}}