{"id":13,"date":"2024-03-11T11:20:17","date_gmt":"2024-03-11T11:20:17","guid":{"rendered":"http:\/\/xn--laviacr-7za.com\/?page_id=13"},"modified":"2025-10-30T08:58:02","modified_gmt":"2025-10-30T08:58:02","slug":"la-casa","status":"publish","type":"page","link":"http:\/\/xn--laviacr-7za.com\/index.php\/la-casa\/","title":{"rendered":"LA CASA"},"content":{"rendered":"\n<figure class=\"wp-block-gallery has-nested-images columns-default is-cropped wp-block-gallery-1 is-layout-flex wp-block-gallery-is-layout-flex\">\n<figure class=\"wp-block-image size-large\"><img loading=\"lazy\" decoding=\"async\" width=\"768\" height=\"1024\" data-id=\"144\" src=\"http:\/\/xn--laviacr-7za.com\/wp-content\/uploads\/2024\/03\/IMG_3610-768x1024.jpeg\" alt=\"\" class=\"wp-image-144\" srcset=\"http:\/\/xn--laviacr-7za.com\/wp-content\/uploads\/2024\/03\/IMG_3610-768x1024.jpeg 768w, http:\/\/xn--laviacr-7za.com\/wp-content\/uploads\/2024\/03\/IMG_3610-225x300.jpeg 225w, http:\/\/xn--laviacr-7za.com\/wp-content\/uploads\/2024\/03\/IMG_3610-1152x1536.jpeg 1152w, http:\/\/xn--laviacr-7za.com\/wp-content\/uploads\/2024\/03\/IMG_3610-1536x2048.jpeg 1536w, http:\/\/xn--laviacr-7za.com\/wp-content\/uploads\/2024\/03\/IMG_3610-45x60.jpeg 45w, http:\/\/xn--laviacr-7za.com\/wp-content\/uploads\/2024\/03\/IMG_3610-scaled.jpeg 1920w\" sizes=\"auto, (max-width: 768px) 100vw, 768px\" \/><\/figure>\n\n\n\n<figure class=\"wp-block-image size-large\"><img loading=\"lazy\" decoding=\"async\" width=\"768\" height=\"1024\" data-id=\"145\" src=\"http:\/\/xn--laviacr-7za.com\/wp-content\/uploads\/2024\/03\/IMG_3609-768x1024.jpeg\" alt=\"\" class=\"wp-image-145\" srcset=\"http:\/\/xn--laviacr-7za.com\/wp-content\/uploads\/2024\/03\/IMG_3609-768x1024.jpeg 768w, http:\/\/xn--laviacr-7za.com\/wp-content\/uploads\/2024\/03\/IMG_3609-225x300.jpeg 225w, http:\/\/xn--laviacr-7za.com\/wp-content\/uploads\/2024\/03\/IMG_3609-1152x1536.jpeg 1152w, http:\/\/xn--laviacr-7za.com\/wp-content\/uploads\/2024\/03\/IMG_3609-1536x2048.jpeg 1536w, http:\/\/xn--laviacr-7za.com\/wp-content\/uploads\/2024\/03\/IMG_3609-45x60.jpeg 45w, http:\/\/xn--laviacr-7za.com\/wp-content\/uploads\/2024\/03\/IMG_3609-scaled.jpeg 1920w\" sizes=\"auto, (max-width: 768px) 100vw, 768px\" \/><\/figure>\n<\/figure>\n\n\n\n<div class=\"wp-block-columns is-layout-flex wp-container-core-columns-is-layout-9d6595d7 wp-block-columns-is-layout-flex\">\n<div class=\"wp-block-column is-layout-flow wp-block-column-is-layout-flow\" style=\"flex-basis:25%\">\n<figure class=\"wp-block-image size-large\"><img loading=\"lazy\" decoding=\"async\" width=\"768\" height=\"1024\" src=\"http:\/\/xn--laviacr-7za.com\/wp-content\/uploads\/2024\/03\/IMG_3570-768x1024.jpeg\" alt=\"\" class=\"wp-image-128\" srcset=\"http:\/\/xn--laviacr-7za.com\/wp-content\/uploads\/2024\/03\/IMG_3570-768x1024.jpeg 768w, http:\/\/xn--laviacr-7za.com\/wp-content\/uploads\/2024\/03\/IMG_3570-225x300.jpeg 225w, http:\/\/xn--laviacr-7za.com\/wp-content\/uploads\/2024\/03\/IMG_3570-1152x1536.jpeg 1152w, http:\/\/xn--laviacr-7za.com\/wp-content\/uploads\/2024\/03\/IMG_3570-1536x2048.jpeg 1536w, http:\/\/xn--laviacr-7za.com\/wp-content\/uploads\/2024\/03\/IMG_3570-45x60.jpeg 45w, http:\/\/xn--laviacr-7za.com\/wp-content\/uploads\/2024\/03\/IMG_3570-scaled.jpeg 1920w\" sizes=\"auto, (max-width: 768px) 100vw, 768px\" \/><\/figure>\n<\/div>\n\n\n\n<div class=\"wp-block-column is-layout-flow wp-block-column-is-layout-flow\" style=\"flex-basis:50%\">\n<figure class=\"wp-block-image size-large\"><img loading=\"lazy\" decoding=\"async\" width=\"1024\" height=\"683\" src=\"http:\/\/xn--laviacr-7za.com\/wp-content\/uploads\/2024\/03\/IMG_1693-1024x683.jpg\" alt=\"\" class=\"wp-image-237\" srcset=\"http:\/\/xn--laviacr-7za.com\/wp-content\/uploads\/2024\/03\/IMG_1693-1024x683.jpg 1024w, http:\/\/xn--laviacr-7za.com\/wp-content\/uploads\/2024\/03\/IMG_1693-300x200.jpg 300w, http:\/\/xn--laviacr-7za.com\/wp-content\/uploads\/2024\/03\/IMG_1693-768x512.jpg 768w, http:\/\/xn--laviacr-7za.com\/wp-content\/uploads\/2024\/03\/IMG_1693-1536x1024.jpg 1536w, http:\/\/xn--laviacr-7za.com\/wp-content\/uploads\/2024\/03\/IMG_1693-2048x1365.jpg 2048w, http:\/\/xn--laviacr-7za.com\/wp-content\/uploads\/2024\/03\/IMG_1693-90x60.jpg 90w, http:\/\/xn--laviacr-7za.com\/wp-content\/uploads\/2024\/03\/IMG_1693-420x280.jpg 420w\" sizes=\"auto, (max-width: 1024px) 100vw, 1024px\" \/><\/figure>\n<\/div>\n\n\n\n<div class=\"wp-block-column is-layout-flow wp-block-column-is-layout-flow\" style=\"flex-basis:25%\">\n<figure class=\"wp-block-image size-large\"><img loading=\"lazy\" decoding=\"async\" width=\"768\" height=\"1024\" src=\"http:\/\/xn--laviacr-7za.com\/wp-content\/uploads\/2024\/04\/WhatsApp-Image-2024-04-02-at-09.57.15-2-768x1024.jpeg\" alt=\"\" class=\"wp-image-294\" srcset=\"http:\/\/xn--laviacr-7za.com\/wp-content\/uploads\/2024\/04\/WhatsApp-Image-2024-04-02-at-09.57.15-2-768x1024.jpeg 768w, http:\/\/xn--laviacr-7za.com\/wp-content\/uploads\/2024\/04\/WhatsApp-Image-2024-04-02-at-09.57.15-2-225x300.jpeg 225w, http:\/\/xn--laviacr-7za.com\/wp-content\/uploads\/2024\/04\/WhatsApp-Image-2024-04-02-at-09.57.15-2-1152x1536.jpeg 1152w, http:\/\/xn--laviacr-7za.com\/wp-content\/uploads\/2024\/04\/WhatsApp-Image-2024-04-02-at-09.57.15-2-1536x2048.jpeg 1536w, http:\/\/xn--laviacr-7za.com\/wp-content\/uploads\/2024\/04\/WhatsApp-Image-2024-04-02-at-09.57.15-2-45x60.jpeg 45w, http:\/\/xn--laviacr-7za.com\/wp-content\/uploads\/2024\/04\/WhatsApp-Image-2024-04-02-at-09.57.15-2-scaled.jpeg 1920w\" sizes=\"auto, (max-width: 768px) 100vw, 768px\" \/><\/figure>\n<\/div>\n<\/div>\n\n\n\n<p>Se adquiri\u00f3&nbsp;en condiciones&nbsp;desfavorables,&nbsp;pero&nbsp;con&nbsp;determinaci\u00f3n&nbsp;y&nbsp;esfuerzo,&nbsp;se pusieron en marcha varios proyectos con la firme idea de transformarla y convertirla en una acogedora&nbsp;casa rural, un lugar donde las historias se entrelazaran con la naturaleza. Obteniendo como resultado Casa Rural La Vi\u00f1a. <\/p>\n\n\n\n<p>Su nombre no estuvo claro desde un principio, se pensaron distintas opciones, pero poco reflejaban lo que este proyecto significaba realmente para su propietarios. En medio de este proceso de dise\u00f1o y reconstrucci\u00f3n, una persona muy querida parti\u00f3 de entre nosotros,&nbsp;dejando al equipo promotor sumidos en la tristeza. Fue entonces, cuando, en su honor, decidimos llamar a la casa rural La Vi\u00f1a, recordando que anteriormente, esta querida persona hab\u00eda adquirido una tierra situada en un vi\u00f1edo, con una ilusi\u00f3n desbordante.&nbsp;Este&nbsp;hecho,&nbsp;lleno&nbsp;de&nbsp;significado&nbsp;y&nbsp;emoci\u00f3n,&nbsp;inspir\u00f3 el nombre de La Vi\u00f1a para esta casa rural, en su honor. &nbsp;Este&nbsp;nombre&nbsp;se&nbsp;convierte&nbsp;en&nbsp;un&nbsp;tributo&nbsp;vivo,&nbsp;una&nbsp;celebraci\u00f3n&nbsp;de&nbsp;todo&nbsp;lo&nbsp;que&nbsp;compartimos\u2026<\/p>\n\n\n\n<p>Casa Rural La Vi\u00f1a se distribuye en dos plantas, la planta baja cuenta con dos habitaciones y es en ella donde podremos disfrutar del sal\u00f3n, la cocina y el patio. En la primera planta encontramos tres habitaciones y un sal\u00f3n, el cual cuenta con un rinc\u00f3n de juegos. El patio constituye un espacio al aire libre con c\u00e9sped artificial por todo el suelo. El \u00e1rea cuenta\u00a0con una mesa espaciosa acompa\u00f1ada de taburetes de madera, ideal para disfrutar de\u00a0encuentros\u00a0al\u00a0aire\u00a0libre. Tambi\u00e9n dispone\u00a0de\u00a0una\u00a0barbacoa\u00a0para\u00a0preparar\u00a0deliciosas\u00a0parrilladas,\u00a0junto\u00a0con\u00a0un\u00a0pozo\u00a0que a\u00f1ade un toque r\u00fastico y encantador al ambiente. Se complementa con plantas\u00a0naturales\u00a0que\u00a0aportan\u00a0frescura\u00a0y\u00a0vida\u00a0al\u00a0entorno. Para destacar a\u00fan\u00a0m\u00e1s\u00a0su\u00a0atractivo,\u00a0cuenta\u00a0con\u00a0una\u00a0piscina\u00a0que\u00a0invita\u00a0a\u00a0refrescarse\u00a0y\u00a0disfrutar\u00a0de momentos de ocio y diversi\u00f3n bajo el sol, adem\u00e1s de un par de c\u00f3modas butacas . Este\u00a0espacio ofrece un equilibrio entre funcionalidad y est\u00e9tica, proporcionando un entorno\u00a0acogedor\u00a0y\u00a0placentero\u00a0para\u00a0disfrutar\u00a0al\u00a0m\u00e1ximo\u00a0del\u00a0aire\u00a0libre.<\/p>\n\n\n\n<p><strong>No est\u00e1 permitido fumar dentro de la casa. Es posible fumar en el patio. <\/strong><\/p>\n\n\n\n<div class=\"wp-block-columns is-layout-flex wp-container-core-columns-is-layout-9d6595d7 wp-block-columns-is-layout-flex\">\n<div class=\"wp-block-column is-layout-flow wp-block-column-is-layout-flow\">\n<figure class=\"wp-block-image size-large\"><img loading=\"lazy\" decoding=\"async\" width=\"576\" height=\"1024\" src=\"http:\/\/xn--laviacr-7za.com\/wp-content\/uploads\/2024\/05\/WhatsApp-Image-2024-05-26-at-20.27.15-576x1024.jpeg\" alt=\"\" class=\"wp-image-391\" srcset=\"http:\/\/xn--laviacr-7za.com\/wp-content\/uploads\/2024\/05\/WhatsApp-Image-2024-05-26-at-20.27.15-576x1024.jpeg 576w, http:\/\/xn--laviacr-7za.com\/wp-content\/uploads\/2024\/05\/WhatsApp-Image-2024-05-26-at-20.27.15-169x300.jpeg 169w, http:\/\/xn--laviacr-7za.com\/wp-content\/uploads\/2024\/05\/WhatsApp-Image-2024-05-26-at-20.27.15-768x1365.jpeg 768w, http:\/\/xn--laviacr-7za.com\/wp-content\/uploads\/2024\/05\/WhatsApp-Image-2024-05-26-at-20.27.15-864x1536.jpeg 864w, http:\/\/xn--laviacr-7za.com\/wp-content\/uploads\/2024\/05\/WhatsApp-Image-2024-05-26-at-20.27.15-34x60.jpeg 34w, http:\/\/xn--laviacr-7za.com\/wp-content\/uploads\/2024\/05\/WhatsApp-Image-2024-05-26-at-20.27.15.jpeg 900w\" sizes=\"auto, (max-width: 576px) 100vw, 576px\" \/><\/figure>\n<\/div>\n\n\n\n<div class=\"wp-block-column is-layout-flow wp-block-column-is-layout-flow\">\n<figure class=\"wp-block-image size-large\"><img loading=\"lazy\" decoding=\"async\" width=\"576\" height=\"1024\" src=\"http:\/\/xn--laviacr-7za.com\/wp-content\/uploads\/2024\/05\/WhatsApp-Image-2024-05-27-at-10.59.11-576x1024.jpeg\" alt=\"\" class=\"wp-image-392\" srcset=\"http:\/\/xn--laviacr-7za.com\/wp-content\/uploads\/2024\/05\/WhatsApp-Image-2024-05-27-at-10.59.11-576x1024.jpeg 576w, http:\/\/xn--laviacr-7za.com\/wp-content\/uploads\/2024\/05\/WhatsApp-Image-2024-05-27-at-10.59.11-169x300.jpeg 169w, http:\/\/xn--laviacr-7za.com\/wp-content\/uploads\/2024\/05\/WhatsApp-Image-2024-05-27-at-10.59.11-768x1365.jpeg 768w, http:\/\/xn--laviacr-7za.com\/wp-content\/uploads\/2024\/05\/WhatsApp-Image-2024-05-27-at-10.59.11-864x1536.jpeg 864w, http:\/\/xn--laviacr-7za.com\/wp-content\/uploads\/2024\/05\/WhatsApp-Image-2024-05-27-at-10.59.11-34x60.jpeg 34w, http:\/\/xn--laviacr-7za.com\/wp-content\/uploads\/2024\/05\/WhatsApp-Image-2024-05-27-at-10.59.11.jpeg 1125w\" sizes=\"auto, (max-width: 576px) 100vw, 576px\" \/><\/figure>\n<\/div>\n<\/div>\n\n\n\n<div class=\"wp-block-columns is-layout-flex wp-container-core-columns-is-layout-9d6595d7 wp-block-columns-is-layout-flex\">\n<div class=\"wp-block-column is-layout-flow wp-block-column-is-layout-flow\">\n<figure class=\"wp-block-image size-large\"><img loading=\"lazy\" decoding=\"async\" width=\"768\" height=\"1024\" src=\"http:\/\/xn--laviacr-7za.com\/wp-content\/uploads\/2024\/06\/IMG_5341-768x1024.jpeg\" alt=\"\" class=\"wp-image-397\" srcset=\"http:\/\/xn--laviacr-7za.com\/wp-content\/uploads\/2024\/06\/IMG_5341-768x1024.jpeg 768w, http:\/\/xn--laviacr-7za.com\/wp-content\/uploads\/2024\/06\/IMG_5341-225x300.jpeg 225w, http:\/\/xn--laviacr-7za.com\/wp-content\/uploads\/2024\/06\/IMG_5341-1152x1536.jpeg 1152w, http:\/\/xn--laviacr-7za.com\/wp-content\/uploads\/2024\/06\/IMG_5341-1536x2048.jpeg 1536w, http:\/\/xn--laviacr-7za.com\/wp-content\/uploads\/2024\/06\/IMG_5341-45x60.jpeg 45w, http:\/\/xn--laviacr-7za.com\/wp-content\/uploads\/2024\/06\/IMG_5341-scaled.jpeg 1920w\" sizes=\"auto, (max-width: 768px) 100vw, 768px\" \/><\/figure>\n<\/div>\n\n\n\n<div class=\"wp-block-column is-layout-flow wp-block-column-is-layout-flow\">\n<figure class=\"wp-block-image size-large\"><img loading=\"lazy\" decoding=\"async\" width=\"768\" height=\"1024\" src=\"http:\/\/xn--laviacr-7za.com\/wp-content\/uploads\/2024\/06\/IMG_5345-768x1024.jpeg\" alt=\"\" class=\"wp-image-398\" srcset=\"http:\/\/xn--laviacr-7za.com\/wp-content\/uploads\/2024\/06\/IMG_5345-768x1024.jpeg 768w, http:\/\/xn--laviacr-7za.com\/wp-content\/uploads\/2024\/06\/IMG_5345-225x300.jpeg 225w, http:\/\/xn--laviacr-7za.com\/wp-content\/uploads\/2024\/06\/IMG_5345-1152x1536.jpeg 1152w, http:\/\/xn--laviacr-7za.com\/wp-content\/uploads\/2024\/06\/IMG_5345-1536x2048.jpeg 1536w, http:\/\/xn--laviacr-7za.com\/wp-content\/uploads\/2024\/06\/IMG_5345-45x60.jpeg 45w, http:\/\/xn--laviacr-7za.com\/wp-content\/uploads\/2024\/06\/IMG_5345-scaled.jpeg 1920w\" sizes=\"auto, (max-width: 768px) 100vw, 768px\" \/><\/figure>\n<\/div>\n<\/div>\n\n\n\n<p>A escasos metros puede encontrar aparcamiento, junto a la iglesia o en la Plaza de Espa\u00f1a. Tambi\u00e9n encontrar\u00e1 una tienda de alimentaci\u00f3n y una carnicer\u00eda. <\/p>\n\n\n\n<h4 class=\"wp-block-heading\">SERVICIOS COMPLEMENTARIO<\/h4>\n\n\n\n<p><strong>Servicio lavander\u00eda:<\/strong>&nbsp;15 euros\/colada (m\u00e1ximo 8 kilos).<br><strong>Gas para barbacoa:<\/strong>&nbsp;7 euros\/d\u00eda.<\/p>\n\n\n\n<p><strong>Comidas:<\/strong>&nbsp;17 euros\/persona (previa reserva).<br><strong>Cenas:<\/strong>&nbsp;17 euros\/persona (previa reserva).<\/p>\n\n\n\n<p>.<\/p>\n","protected":false},"excerpt":{"rendered":"<p>Se adquiri\u00f3&nbsp;en condiciones&nbsp;desfavorables,&nbsp;pero&nbsp;con&nbsp;determinaci\u00f3n&nbsp;y&nbsp;esfuerzo,&nbsp;se pusieron en marcha varios proyectos con la firme idea de transformarla y convertirla en una acogedora&nbsp;casa rural, un lugar donde las historias &hellip; <\/p>\n","protected":false},"author":1,"featured_media":0,"parent":0,"menu_order":0,"comment_status":"closed","ping_status":"closed","template":"","meta":{"_eb_attr":"","footnotes":""},"class_list":["post-13","page","type-page","status-publish","hentry","latest_post"],"_links":{"self":[{"href":"http:\/\/xn--laviacr-7za.com\/index.php\/wp-json\/wp\/v2\/pages\/13","targetHints":{"allow":["GET"]}}],"collection":[{"href":"http:\/\/xn--laviacr-7za.com\/index.php\/wp-json\/wp\/v2\/pages"}],"about":[{"href":"http:\/\/xn--laviacr-7za.com\/index.php\/wp-json\/wp\/v2\/types\/page"}],"author":[{"embeddable":true,"href":"http:\/\/xn--laviacr-7za.com\/index.php\/wp-json\/wp\/v2\/users\/1"}],"replies":[{"embeddable":true,"href":"http:\/\/xn--laviacr-7za.com\/index.php\/wp-json\/wp\/v2\/comments?post=13"}],"version-history":[{"count":22,"href":"http:\/\/xn--laviacr-7za.com\/index.php\/wp-json\/wp\/v2\/pages\/13\/revisions"}],"predecessor-version":[{"id":420,"href":"http:\/\/xn--laviacr-7za.com\/index.php\/wp-json\/wp\/v2\/pages\/13\/revisions\/420"}],"wp:attachment":[{"href":"http:\/\/xn--laviacr-7za.com\/index.php\/wp-json\/wp\/v2\/media?parent=13"}],"curies":[{"name":"wp","href":"https:\/\/api.w.org\/{rel}","templated":true}]}}