{"id":15,"date":"2024-03-11T11:20:31","date_gmt":"2024-03-11T11:20:31","guid":{"rendered":"http:\/\/xn--laviacr-7za.com\/?page_id=15"},"modified":"2025-10-30T08:59:24","modified_gmt":"2025-10-30T08:59:24","slug":"habitaciones","status":"publish","type":"page","link":"http:\/\/xn--laviacr-7za.com\/index.php\/habitaciones\/","title":{"rendered":"HABITACIONES"},"content":{"rendered":"\n<p class=\"has-text-align-left\">Dise\u00f1adas&nbsp;con&nbsp;un&nbsp;enfoque&nbsp;sostenible,&nbsp;donde&nbsp;se&nbsp;fusiona&nbsp;la&nbsp;rusticidad&nbsp;con&nbsp;la&nbsp;modernidad&nbsp;mediante el uso de elementos naturales. La presencia de la madera y otros elementos&nbsp;a\u00f1aden calidez y textura al ambiente, mientras que las puertas antiguas, restauradas,&nbsp;aportan&nbsp;un&nbsp;toque&nbsp;de&nbsp;historia&nbsp;y&nbsp;autenticidad.<\/p>\n\n\n\n<p class=\"has-text-align-left\">Los&nbsp;ba\u00f1os se han equipado de manera funcional, con un estilo propio, creando&nbsp;una&nbsp;atm\u00f3sfera&nbsp;acogedora&nbsp;y&nbsp;org\u00e1nica.&nbsp;Esta&nbsp;mezcla&nbsp;de&nbsp;materiales&nbsp;y texturas&nbsp;contribuye&nbsp;a&nbsp;crear&nbsp;un&nbsp;espacio&nbsp;\u00fanico&nbsp;y&nbsp;armonioso.<\/p>\n\n\n\n<p class=\"has-text-align-left\">Casa rural La Vi\u00f1a dispone de cinco habitaciones dobles con capacidad para 12 personas, es posible a\u00f1adir supletorias o cuna, seg\u00fan las necesidades del hu\u00e9sped, bajo petici\u00f3n y sujeto a disponibilidad. No est\u00e1 permitido fumar en las habitaciones ni zonas comunes a excepci\u00f3n del patio, donde las personas alojadas podr\u00e1n fumar.<\/p>\n\n\n\n<hr class=\"wp-block-separator has-text-color has-cyan-bluish-gray-color has-alpha-channel-opacity has-cyan-bluish-gray-background-color has-background is-style-wide\"\/>\n\n\n\n<p class=\"has-black-color has-text-color has-link-color wp-elements-a27353c4e6a5f2e2eafb5aac314a21fd\"><strong>HABITACION 1 &#8211; \u00abNo hay camino para <\/strong>la<strong> paz, la paz es el camino\u00bb Gandhi<\/strong><\/p>\n\n\n\n<figure class=\"wp-block-gallery has-nested-images columns-default is-cropped wp-block-gallery-1 is-layout-flex wp-block-gallery-is-layout-flex\">\n<figure class=\"wp-block-image size-large\"><img loading=\"lazy\" decoding=\"async\" width=\"768\" height=\"1024\" data-id=\"157\" src=\"http:\/\/xn--laviacr-7za.com\/wp-content\/uploads\/2024\/03\/2cbf09ca-44fe-427d-ad94-6b9f561490da-768x1024.jpeg\" alt=\"\" class=\"wp-image-157\" srcset=\"http:\/\/xn--laviacr-7za.com\/wp-content\/uploads\/2024\/03\/2cbf09ca-44fe-427d-ad94-6b9f561490da-768x1024.jpeg 768w, http:\/\/xn--laviacr-7za.com\/wp-content\/uploads\/2024\/03\/2cbf09ca-44fe-427d-ad94-6b9f561490da-225x300.jpeg 225w, http:\/\/xn--laviacr-7za.com\/wp-content\/uploads\/2024\/03\/2cbf09ca-44fe-427d-ad94-6b9f561490da-1152x1536.jpeg 1152w, http:\/\/xn--laviacr-7za.com\/wp-content\/uploads\/2024\/03\/2cbf09ca-44fe-427d-ad94-6b9f561490da-1536x2048.jpeg 1536w, http:\/\/xn--laviacr-7za.com\/wp-content\/uploads\/2024\/03\/2cbf09ca-44fe-427d-ad94-6b9f561490da-45x60.jpeg 45w, http:\/\/xn--laviacr-7za.com\/wp-content\/uploads\/2024\/03\/2cbf09ca-44fe-427d-ad94-6b9f561490da-scaled.jpeg 1920w\" sizes=\"auto, (max-width: 768px) 100vw, 768px\" \/><\/figure>\n\n\n\n<figure class=\"wp-block-image size-large\"><img loading=\"lazy\" decoding=\"async\" width=\"768\" height=\"1024\" data-id=\"254\" src=\"http:\/\/xn--laviacr-7za.com\/wp-content\/uploads\/2024\/03\/1a60b612-ddaa-4658-97e8-f40900a63ec3-768x1024.jpeg\" alt=\"\" class=\"wp-image-254\" srcset=\"http:\/\/xn--laviacr-7za.com\/wp-content\/uploads\/2024\/03\/1a60b612-ddaa-4658-97e8-f40900a63ec3-768x1024.jpeg 768w, http:\/\/xn--laviacr-7za.com\/wp-content\/uploads\/2024\/03\/1a60b612-ddaa-4658-97e8-f40900a63ec3-225x300.jpeg 225w, http:\/\/xn--laviacr-7za.com\/wp-content\/uploads\/2024\/03\/1a60b612-ddaa-4658-97e8-f40900a63ec3-1152x1536.jpeg 1152w, http:\/\/xn--laviacr-7za.com\/wp-content\/uploads\/2024\/03\/1a60b612-ddaa-4658-97e8-f40900a63ec3-1536x2048.jpeg 1536w, http:\/\/xn--laviacr-7za.com\/wp-content\/uploads\/2024\/03\/1a60b612-ddaa-4658-97e8-f40900a63ec3-45x60.jpeg 45w, http:\/\/xn--laviacr-7za.com\/wp-content\/uploads\/2024\/03\/1a60b612-ddaa-4658-97e8-f40900a63ec3-scaled.jpeg 1920w\" sizes=\"auto, (max-width: 768px) 100vw, 768px\" \/><\/figure>\n<\/figure>\n\n\n\n<p><\/p>\n\n\n\n<p>Nuestra habitaci\u00f3n mas cuidada, situada en la planta baja con cama doble, televisi\u00f3n, climatizaci\u00f3n, ba\u00f1o privado con ba\u00f1era y dispensadores de pared de gel y champ\u00fa. Su decoraci\u00f3n ha sido cuidadosamente elegida, utilizando paredes de piedras y se ha mantenido el techo antiguo de madera de la vivienda original, creando un ambiente \u00fanico para pasar unos d\u00edas inolvidables.<\/p>\n\n\n\n<p>**No est\u00e1 permitido fumar en esta habitaci\u00f3n**<\/p>\n\n\n\n<hr class=\"wp-block-separator has-text-color has-cyan-bluish-gray-color has-alpha-channel-opacity has-cyan-bluish-gray-background-color has-background is-style-wide\"\/>\n\n\n\n<p><strong>HABITACI\u00d3N 2 &#8211; \u00ab\u00c9chame tierra encima y ver\u00e1s como florezco\u00bb Frida Kahlo<\/strong><\/p>\n\n\n\n<figure class=\"wp-block-gallery has-nested-images columns-default is-cropped wp-block-gallery-2 is-layout-flex wp-block-gallery-is-layout-flex\">\n<figure class=\"wp-block-image size-large\"><img loading=\"lazy\" decoding=\"async\" width=\"1024\" height=\"1024\" data-id=\"90\" src=\"http:\/\/xn--laviacr-7za.com\/wp-content\/uploads\/2024\/03\/IMG_3595-edited-3-1024x1024.jpeg\" alt=\"\" class=\"wp-image-90\" srcset=\"http:\/\/xn--laviacr-7za.com\/wp-content\/uploads\/2024\/03\/IMG_3595-edited-3-1024x1024.jpeg 1024w, http:\/\/xn--laviacr-7za.com\/wp-content\/uploads\/2024\/03\/IMG_3595-edited-3-300x300.jpeg 300w, http:\/\/xn--laviacr-7za.com\/wp-content\/uploads\/2024\/03\/IMG_3595-edited-3-150x150.jpeg 150w, http:\/\/xn--laviacr-7za.com\/wp-content\/uploads\/2024\/03\/IMG_3595-edited-3-768x768.jpeg 768w, http:\/\/xn--laviacr-7za.com\/wp-content\/uploads\/2024\/03\/IMG_3595-edited-3-1536x1536.jpeg 1536w, http:\/\/xn--laviacr-7za.com\/wp-content\/uploads\/2024\/03\/IMG_3595-edited-3-2048x2048.jpeg 2048w, http:\/\/xn--laviacr-7za.com\/wp-content\/uploads\/2024\/03\/IMG_3595-edited-3-60x60.jpeg 60w\" sizes=\"auto, (max-width: 1024px) 100vw, 1024px\" \/><\/figure>\n\n\n\n<figure class=\"wp-block-image size-large\"><img loading=\"lazy\" decoding=\"async\" width=\"768\" height=\"1024\" data-id=\"289\" src=\"http:\/\/xn--laviacr-7za.com\/wp-content\/uploads\/2024\/04\/WhatsApp-Image-2024-04-02-at-09.55.20-2-768x1024.jpeg\" alt=\"\" class=\"wp-image-289\" srcset=\"http:\/\/xn--laviacr-7za.com\/wp-content\/uploads\/2024\/04\/WhatsApp-Image-2024-04-02-at-09.55.20-2-768x1024.jpeg 768w, http:\/\/xn--laviacr-7za.com\/wp-content\/uploads\/2024\/04\/WhatsApp-Image-2024-04-02-at-09.55.20-2-225x300.jpeg 225w, http:\/\/xn--laviacr-7za.com\/wp-content\/uploads\/2024\/04\/WhatsApp-Image-2024-04-02-at-09.55.20-2-1152x1536.jpeg 1152w, http:\/\/xn--laviacr-7za.com\/wp-content\/uploads\/2024\/04\/WhatsApp-Image-2024-04-02-at-09.55.20-2-1536x2048.jpeg 1536w, http:\/\/xn--laviacr-7za.com\/wp-content\/uploads\/2024\/04\/WhatsApp-Image-2024-04-02-at-09.55.20-2-45x60.jpeg 45w, http:\/\/xn--laviacr-7za.com\/wp-content\/uploads\/2024\/04\/WhatsApp-Image-2024-04-02-at-09.55.20-2-scaled.jpeg 1920w\" sizes=\"auto, (max-width: 768px) 100vw, 768px\" \/><\/figure>\n<\/figure>\n\n\n\n<p><\/p>\n\n\n\n<p>La habitaci\u00f3n 2 de la casa rural La Vi\u00f1a, est\u00e1 situada en la planta baja, cuenta con una cama de 1,35 cm, televisi\u00f3n, climatizaci\u00f3n, ba\u00f1o privado con ducha y dispensadores de pared de gel y champ\u00fa. Dispone del espacio suficiente para poner una cama supletoria o una cuna, bajo disponibilidad.<\/p>\n\n\n\n<p>**No est\u00e1 permitido fumar en esta habitaci\u00f3n**<\/p>\n\n\n\n<hr class=\"wp-block-separator has-text-color has-cyan-bluish-gray-color has-alpha-channel-opacity has-cyan-bluish-gray-background-color has-background is-style-wide\"\/>\n\n\n\n<p class=\"has-black-color has-text-color has-link-color wp-elements-884bd28a60b9ff4d66d31c2ed584df97\"><strong>HABITACI\u00d3N 3 &#8211; \u00bb Todas las batallas en la vida sirven para ense\u00f1arnos algo, inclusive aquellas que perdemos\u00bb Paulo Coelho<\/strong><\/p>\n\n\n\n<figure class=\"wp-block-gallery has-nested-images columns-default is-cropped wp-block-gallery-3 is-layout-flex wp-block-gallery-is-layout-flex\">\n<figure class=\"wp-block-image size-large\"><img loading=\"lazy\" decoding=\"async\" width=\"768\" height=\"1024\" data-id=\"285\" src=\"http:\/\/xn--laviacr-7za.com\/wp-content\/uploads\/2024\/04\/WhatsApp-Image-2024-04-02-at-09.50.43-1-768x1024.jpeg\" alt=\"\" class=\"wp-image-285\" srcset=\"http:\/\/xn--laviacr-7za.com\/wp-content\/uploads\/2024\/04\/WhatsApp-Image-2024-04-02-at-09.50.43-1-768x1024.jpeg 768w, http:\/\/xn--laviacr-7za.com\/wp-content\/uploads\/2024\/04\/WhatsApp-Image-2024-04-02-at-09.50.43-1-225x300.jpeg 225w, http:\/\/xn--laviacr-7za.com\/wp-content\/uploads\/2024\/04\/WhatsApp-Image-2024-04-02-at-09.50.43-1-1152x1536.jpeg 1152w, http:\/\/xn--laviacr-7za.com\/wp-content\/uploads\/2024\/04\/WhatsApp-Image-2024-04-02-at-09.50.43-1-1536x2048.jpeg 1536w, http:\/\/xn--laviacr-7za.com\/wp-content\/uploads\/2024\/04\/WhatsApp-Image-2024-04-02-at-09.50.43-1-45x60.jpeg 45w, http:\/\/xn--laviacr-7za.com\/wp-content\/uploads\/2024\/04\/WhatsApp-Image-2024-04-02-at-09.50.43-1-scaled.jpeg 1920w\" sizes=\"auto, (max-width: 768px) 100vw, 768px\" \/><\/figure>\n\n\n\n<figure class=\"wp-block-image size-large\"><img loading=\"lazy\" decoding=\"async\" width=\"768\" height=\"1024\" data-id=\"284\" src=\"http:\/\/xn--laviacr-7za.com\/wp-content\/uploads\/2024\/04\/WhatsApp-Image-2024-04-02-at-09.50.43-768x1024.jpeg\" alt=\"\" class=\"wp-image-284\" srcset=\"http:\/\/xn--laviacr-7za.com\/wp-content\/uploads\/2024\/04\/WhatsApp-Image-2024-04-02-at-09.50.43-768x1024.jpeg 768w, http:\/\/xn--laviacr-7za.com\/wp-content\/uploads\/2024\/04\/WhatsApp-Image-2024-04-02-at-09.50.43-225x300.jpeg 225w, http:\/\/xn--laviacr-7za.com\/wp-content\/uploads\/2024\/04\/WhatsApp-Image-2024-04-02-at-09.50.43-1152x1536.jpeg 1152w, http:\/\/xn--laviacr-7za.com\/wp-content\/uploads\/2024\/04\/WhatsApp-Image-2024-04-02-at-09.50.43-1536x2048.jpeg 1536w, http:\/\/xn--laviacr-7za.com\/wp-content\/uploads\/2024\/04\/WhatsApp-Image-2024-04-02-at-09.50.43-45x60.jpeg 45w, http:\/\/xn--laviacr-7za.com\/wp-content\/uploads\/2024\/04\/WhatsApp-Image-2024-04-02-at-09.50.43-scaled.jpeg 1920w\" sizes=\"auto, (max-width: 768px) 100vw, 768px\" \/><\/figure>\n<\/figure>\n\n\n\n<p><\/p>\n\n\n\n<p>En la primera planta, cuenta con dos camas de 105 cm, climatizaci\u00f3n, televisi\u00f3n, ba\u00f1o privado con ducha y dispensadores de pared de gel y champ\u00fa. Dispone del espacio suficiente para poner una cama supletoria o una cuna, bajo disponibilidad.<\/p>\n\n\n\n<p>**No est\u00e1 permitido fumar en esta habitaci\u00f3n**<\/p>\n\n\n\n<hr class=\"wp-block-separator has-text-color has-cyan-bluish-gray-color has-alpha-channel-opacity has-cyan-bluish-gray-background-color has-background is-style-wide\"\/>\n\n\n\n<p class=\"has-black-color has-text-color has-link-color wp-elements-48f1d0294e96423def263e2bc0b1efc7\"><strong>HABITACION 4 &#8211; \u00abEnam\u00f3rate de ti, de la vida y luego de quien tu quieras\u00bb Frida Kahlo<\/strong><\/p>\n\n\n\n<figure class=\"wp-block-gallery has-nested-images columns-default is-cropped wp-block-gallery-4 is-layout-flex wp-block-gallery-is-layout-flex\">\n<figure class=\"wp-block-image size-large\"><img loading=\"lazy\" decoding=\"async\" width=\"768\" height=\"1024\" data-id=\"291\" src=\"http:\/\/xn--laviacr-7za.com\/wp-content\/uploads\/2024\/04\/WhatsApp-Image-2024-04-02-at-09.58.24-1-1-768x1024.jpeg\" alt=\"\" class=\"wp-image-291\" srcset=\"http:\/\/xn--laviacr-7za.com\/wp-content\/uploads\/2024\/04\/WhatsApp-Image-2024-04-02-at-09.58.24-1-1-768x1024.jpeg 768w, http:\/\/xn--laviacr-7za.com\/wp-content\/uploads\/2024\/04\/WhatsApp-Image-2024-04-02-at-09.58.24-1-1-225x300.jpeg 225w, http:\/\/xn--laviacr-7za.com\/wp-content\/uploads\/2024\/04\/WhatsApp-Image-2024-04-02-at-09.58.24-1-1-1152x1536.jpeg 1152w, http:\/\/xn--laviacr-7za.com\/wp-content\/uploads\/2024\/04\/WhatsApp-Image-2024-04-02-at-09.58.24-1-1-1536x2048.jpeg 1536w, http:\/\/xn--laviacr-7za.com\/wp-content\/uploads\/2024\/04\/WhatsApp-Image-2024-04-02-at-09.58.24-1-1-45x60.jpeg 45w, http:\/\/xn--laviacr-7za.com\/wp-content\/uploads\/2024\/04\/WhatsApp-Image-2024-04-02-at-09.58.24-1-1-scaled.jpeg 1920w\" sizes=\"auto, (max-width: 768px) 100vw, 768px\" \/><\/figure>\n\n\n\n<figure class=\"wp-block-image size-large\"><img loading=\"lazy\" decoding=\"async\" width=\"768\" height=\"1024\" data-id=\"416\" src=\"http:\/\/xn--laviacr-7za.com\/wp-content\/uploads\/2025\/09\/WhatsApp-Image-2025-07-10-at-17.21.17-768x1024.jpeg\" alt=\"\" class=\"wp-image-416\" srcset=\"http:\/\/xn--laviacr-7za.com\/wp-content\/uploads\/2025\/09\/WhatsApp-Image-2025-07-10-at-17.21.17-768x1024.jpeg 768w, http:\/\/xn--laviacr-7za.com\/wp-content\/uploads\/2025\/09\/WhatsApp-Image-2025-07-10-at-17.21.17-225x300.jpeg 225w, http:\/\/xn--laviacr-7za.com\/wp-content\/uploads\/2025\/09\/WhatsApp-Image-2025-07-10-at-17.21.17-1152x1536.jpeg 1152w, http:\/\/xn--laviacr-7za.com\/wp-content\/uploads\/2025\/09\/WhatsApp-Image-2025-07-10-at-17.21.17-45x60.jpeg 45w, http:\/\/xn--laviacr-7za.com\/wp-content\/uploads\/2025\/09\/WhatsApp-Image-2025-07-10-at-17.21.17.jpeg 1200w\" sizes=\"auto, (max-width: 768px) 100vw, 768px\" \/><\/figure>\n<\/figure>\n\n\n\n<p>Ubicada en la primera planta, cuenta con cama de 1,35 cm, climatizaci\u00f3n, televisi\u00f3n, ba\u00f1o privado con ducha y dispensadores de pared de gel y champ\u00fa. Dispone del espacio suficiente para poner una cama supletoria o una cuna, bajo disponibilidad.<\/p>\n\n\n\n<p><strong>*<\/strong>*No est\u00e1 permitido fumar en esta habitaci\u00f3n**<\/p>\n\n\n\n<hr class=\"wp-block-separator has-text-color has-cyan-bluish-gray-color has-alpha-channel-opacity has-cyan-bluish-gray-background-color has-background is-style-wide\"\/>\n\n\n\n<p><strong>HABITACI\u00d3N 5 &#8211; \u00abSi quieres cambiar al mundo, cambiar\u00e9 a ti mismo\u00bb Gandhi<\/strong><\/p>\n\n\n\n<figure class=\"wp-block-gallery has-nested-images columns-default is-cropped wp-block-gallery-5 is-layout-flex wp-block-gallery-is-layout-flex\">\n<figure class=\"wp-block-image size-large\"><img loading=\"lazy\" decoding=\"async\" width=\"768\" height=\"1024\" data-id=\"414\" src=\"http:\/\/xn--laviacr-7za.com\/wp-content\/uploads\/2025\/09\/WhatsApp-Image-2025-09-11-at-16.26.41-768x1024.jpeg\" alt=\"\" class=\"wp-image-414\" srcset=\"http:\/\/xn--laviacr-7za.com\/wp-content\/uploads\/2025\/09\/WhatsApp-Image-2025-09-11-at-16.26.41-768x1024.jpeg 768w, http:\/\/xn--laviacr-7za.com\/wp-content\/uploads\/2025\/09\/WhatsApp-Image-2025-09-11-at-16.26.41-225x300.jpeg 225w, http:\/\/xn--laviacr-7za.com\/wp-content\/uploads\/2025\/09\/WhatsApp-Image-2025-09-11-at-16.26.41-1152x1536.jpeg 1152w, http:\/\/xn--laviacr-7za.com\/wp-content\/uploads\/2025\/09\/WhatsApp-Image-2025-09-11-at-16.26.41-1536x2048.jpeg 1536w, http:\/\/xn--laviacr-7za.com\/wp-content\/uploads\/2025\/09\/WhatsApp-Image-2025-09-11-at-16.26.41-45x60.jpeg 45w, http:\/\/xn--laviacr-7za.com\/wp-content\/uploads\/2025\/09\/WhatsApp-Image-2025-09-11-at-16.26.41-scaled.jpeg 1920w\" sizes=\"auto, (max-width: 768px) 100vw, 768px\" \/><\/figure>\n\n\n\n<figure class=\"wp-block-image size-large\"><img loading=\"lazy\" decoding=\"async\" width=\"768\" height=\"1024\" data-id=\"413\" src=\"http:\/\/xn--laviacr-7za.com\/wp-content\/uploads\/2025\/09\/WhatsApp-Image-2025-09-11-at-16.26.40-1-768x1024.jpeg\" alt=\"\" class=\"wp-image-413\" srcset=\"http:\/\/xn--laviacr-7za.com\/wp-content\/uploads\/2025\/09\/WhatsApp-Image-2025-09-11-at-16.26.40-1-768x1024.jpeg 768w, http:\/\/xn--laviacr-7za.com\/wp-content\/uploads\/2025\/09\/WhatsApp-Image-2025-09-11-at-16.26.40-1-225x300.jpeg 225w, http:\/\/xn--laviacr-7za.com\/wp-content\/uploads\/2025\/09\/WhatsApp-Image-2025-09-11-at-16.26.40-1-1152x1536.jpeg 1152w, http:\/\/xn--laviacr-7za.com\/wp-content\/uploads\/2025\/09\/WhatsApp-Image-2025-09-11-at-16.26.40-1-1536x2048.jpeg 1536w, http:\/\/xn--laviacr-7za.com\/wp-content\/uploads\/2025\/09\/WhatsApp-Image-2025-09-11-at-16.26.40-1-45x60.jpeg 45w, http:\/\/xn--laviacr-7za.com\/wp-content\/uploads\/2025\/09\/WhatsApp-Image-2025-09-11-at-16.26.40-1-scaled.jpeg 1920w\" sizes=\"auto, (max-width: 768px) 100vw, 768px\" \/><\/figure>\n\n\n\n<figure class=\"wp-block-image size-large\"><img loading=\"lazy\" decoding=\"async\" width=\"768\" height=\"1024\" data-id=\"415\" src=\"http:\/\/xn--laviacr-7za.com\/wp-content\/uploads\/2025\/09\/WhatsApp-Image-2025-09-11-at-16.26.40-768x1024.jpeg\" alt=\"\" class=\"wp-image-415\" srcset=\"http:\/\/xn--laviacr-7za.com\/wp-content\/uploads\/2025\/09\/WhatsApp-Image-2025-09-11-at-16.26.40-768x1024.jpeg 768w, http:\/\/xn--laviacr-7za.com\/wp-content\/uploads\/2025\/09\/WhatsApp-Image-2025-09-11-at-16.26.40-225x300.jpeg 225w, http:\/\/xn--laviacr-7za.com\/wp-content\/uploads\/2025\/09\/WhatsApp-Image-2025-09-11-at-16.26.40-1152x1536.jpeg 1152w, http:\/\/xn--laviacr-7za.com\/wp-content\/uploads\/2025\/09\/WhatsApp-Image-2025-09-11-at-16.26.40-1536x2048.jpeg 1536w, http:\/\/xn--laviacr-7za.com\/wp-content\/uploads\/2025\/09\/WhatsApp-Image-2025-09-11-at-16.26.40-45x60.jpeg 45w, http:\/\/xn--laviacr-7za.com\/wp-content\/uploads\/2025\/09\/WhatsApp-Image-2025-09-11-at-16.26.40-scaled.jpeg 1920w\" sizes=\"auto, (max-width: 768px) 100vw, 768px\" \/><\/figure>\n<\/figure>\n\n\n\n<p>Ubicada en la primera planta, cuenta con dos camas de 1,05 cm, climatizaci\u00f3n, televisi\u00f3n, ba\u00f1o privado con ducha y dispensadores de pared de gel y champ\u00fa. Dispone del espacio suficiente para poner una cama supletoria o una cuna, bajo disponibilidad.<\/p>\n\n\n\n<p><strong>*<\/strong>*No est\u00e1 permitido fumar en esta habitaci\u00f3n**<\/p>\n\n\n\n<p class=\"has-black-color has-text-color has-link-color wp-elements-b2f201dfc8521344c1761b5321d043e5\"><strong>CASA COMPLETA<\/strong><\/p>\n\n\n\n<p class=\"has-black-color has-text-color has-link-color wp-elements-cd2f1e1f38fe41cd1845b72a62b56d4a\">La casa puede alquilarse completa, tiene una capacidad m\u00e1xima para alojar a 12 personas, distribuidas en 5 habitaciones dobles. Cuentan con climatizaci\u00f3n y ba\u00f1o privado cada una de ellas. La casa cuenta con dos salones, uno en la planta baja, con cocina y acceso al patio con piscina. El otro se encuentra en la primera planta, dispone de ventanales para disfrutar de la lectura o como sal\u00f3n de juegos.<\/p>\n\n\n\n<p>Solamente se permite fumar en el patio al aire libre.<\/p>\n\n\n\n<figure class=\"wp-block-gallery has-nested-images columns-default is-cropped wp-block-gallery-6 is-layout-flex wp-block-gallery-is-layout-flex\">\n<figure class=\"wp-block-image size-large\"><img loading=\"lazy\" decoding=\"async\" width=\"1024\" height=\"576\" data-id=\"387\" src=\"http:\/\/xn--laviacr-7za.com\/wp-content\/uploads\/2024\/05\/WhatsApp-Image-2024-05-10-at-16.41.47-1-1024x576.jpeg\" alt=\"\" class=\"wp-image-387\" srcset=\"http:\/\/xn--laviacr-7za.com\/wp-content\/uploads\/2024\/05\/WhatsApp-Image-2024-05-10-at-16.41.47-1-1024x576.jpeg 1024w, http:\/\/xn--laviacr-7za.com\/wp-content\/uploads\/2024\/05\/WhatsApp-Image-2024-05-10-at-16.41.47-1-300x169.jpeg 300w, http:\/\/xn--laviacr-7za.com\/wp-content\/uploads\/2024\/05\/WhatsApp-Image-2024-05-10-at-16.41.47-1-768x432.jpeg 768w, http:\/\/xn--laviacr-7za.com\/wp-content\/uploads\/2024\/05\/WhatsApp-Image-2024-05-10-at-16.41.47-1-1536x864.jpeg 1536w, http:\/\/xn--laviacr-7za.com\/wp-content\/uploads\/2024\/05\/WhatsApp-Image-2024-05-10-at-16.41.47-1-107x60.jpeg 107w, http:\/\/xn--laviacr-7za.com\/wp-content\/uploads\/2024\/05\/WhatsApp-Image-2024-05-10-at-16.41.47-1-840x473.jpeg 840w, http:\/\/xn--laviacr-7za.com\/wp-content\/uploads\/2024\/05\/WhatsApp-Image-2024-05-10-at-16.41.47-1.jpeg 2000w\" sizes=\"auto, (max-width: 1024px) 100vw, 1024px\" \/><\/figure>\n<\/figure>\n","protected":false},"excerpt":{"rendered":"<p>Dise\u00f1adas&nbsp;con&nbsp;un&nbsp;enfoque&nbsp;sostenible,&nbsp;donde&nbsp;se&nbsp;fusiona&nbsp;la&nbsp;rusticidad&nbsp;con&nbsp;la&nbsp;modernidad&nbsp;mediante el uso de elementos naturales. La presencia de la madera y otros elementos&nbsp;a\u00f1aden calidez y textura al ambiente, mientras que las puertas antiguas, restauradas,&nbsp;aportan&nbsp;un&nbsp;toque&nbsp;de&nbsp;historia&nbsp;y&nbsp;autenticidad. &hellip; <\/p>\n","protected":false},"author":1,"featured_media":0,"parent":0,"menu_order":0,"comment_status":"closed","ping_status":"closed","template":"","meta":{"_eb_attr":"","footnotes":""},"class_list":["post-15","page","type-page","status-publish","hentry","latest_post"],"_links":{"self":[{"href":"http:\/\/xn--laviacr-7za.com\/index.php\/wp-json\/wp\/v2\/pages\/15","targetHints":{"allow":["GET"]}}],"collection":[{"href":"http:\/\/xn--laviacr-7za.com\/index.php\/wp-json\/wp\/v2\/pages"}],"about":[{"href":"http:\/\/xn--laviacr-7za.com\/index.php\/wp-json\/wp\/v2\/types\/page"}],"author":[{"embeddable":true,"href":"http:\/\/xn--laviacr-7za.com\/index.php\/wp-json\/wp\/v2\/users\/1"}],"replies":[{"embeddable":true,"href":"http:\/\/xn--laviacr-7za.com\/index.php\/wp-json\/wp\/v2\/comments?post=15"}],"version-history":[{"count":61,"href":"http:\/\/xn--laviacr-7za.com\/index.php\/wp-json\/wp\/v2\/pages\/15\/revisions"}],"predecessor-version":[{"id":421,"href":"http:\/\/xn--laviacr-7za.com\/index.php\/wp-json\/wp\/v2\/pages\/15\/revisions\/421"}],"wp:attachment":[{"href":"http:\/\/xn--laviacr-7za.com\/index.php\/wp-json\/wp\/v2\/media?parent=15"}],"curies":[{"name":"wp","href":"https:\/\/api.w.org\/{rel}","templated":true}]}}