{"id":17,"date":"2024-03-11T11:20:49","date_gmt":"2024-03-11T11:20:49","guid":{"rendered":"http:\/\/xn--laviacr-7za.com\/?page_id=17"},"modified":"2024-04-12T08:53:29","modified_gmt":"2024-04-12T08:53:29","slug":"entorno","status":"publish","type":"page","link":"http:\/\/xn--laviacr-7za.com\/index.php\/entorno\/","title":{"rendered":"ENTORNO"},"content":{"rendered":"\n<p>El entorno que rodea el Castillo de Puebla de Alcocer forma parte de la Reserva de la&nbsp;Biosfera, ofreciendo una combinaci\u00f3n \u00fanica de patrimonio hist\u00f3rico-art\u00edstico y belleza&nbsp;natural. <\/p>\n\n\n\n<p>Cuenta con un castillo-fortaleza, nuestro vecino Agust\u00edn conocido como el Gigante&nbsp;Extreme\u00f1o\u2026 Entre otros, domina un paisaje que ofrece vistas impresionantes. Adem\u00e1s, la&nbsp;zona cuenta con palacios, casas se\u00f1oriales, fuentes hist\u00f3ricas, el convento de la Visitaci\u00f3n&nbsp;o&nbsp;SanFrancisco,&nbsp;as\u00ed&nbsp;como&nbsp;iglesias,&nbsp;ermitas&nbsp;y&nbsp;yacimientos&nbsp;arqueol\u00f3gicos&nbsp;que&nbsp;reflejan&nbsp;su&nbsp;rica&nbsp;historia.<\/p>\n\n\n\n<p>La naturaleza circundante es ideal para actividades al aire libre como la pesca, el&nbsp;avistamiento&nbsp;de&nbsp;aves&nbsp;y&nbsp;otras especies,&nbsp;y&nbsp;la&nbsp;caza,&nbsp;convirtiendo&nbsp;a&nbsp;esta&nbsp;\u00e1rea&nbsp;en&nbsp;un&nbsp;destino&nbsp;diverso&nbsp;y&nbsp;emocionante&nbsp;para&nbsp;los&nbsp;amantes&nbsp;de&nbsp;la&nbsp;naturaleza&nbsp;y la&nbsp;historia.<\/p>\n\n\n\n<div class=\"wp-block-columns is-layout-flex wp-container-core-columns-is-layout-9d6595d7 wp-block-columns-is-layout-flex\">\n<div class=\"wp-block-column is-layout-flow wp-block-column-is-layout-flow\">\n<iframe loading=\"lazy\" width=\"600\" height=\"315\" src=\"https:\/\/www.youtube-nocookie.com\/embed\/gg6VrlAuaHw?si=XaiBOVLGnan24FY2\" title=\"YouTube video player\" frameborder=\"0\" allow=\"accelerometer; autoplay; clipboard-write; encrypted-media; gyroscope; picture-in-picture; web-share\" referrerpolicy=\"strict-origin-when-cross-origin\" allowfullscreen><\/iframe>\n<\/div>\n\n\n\n<div class=\"wp-block-column is-layout-flow wp-block-column-is-layout-flow\">\n<iframe loading=\"lazy\" width=\"600\" height=\"315\" src=\"https:\/\/www.youtube.com\/embed\/tbx7KdhR9TE?si=8ihQZiVRyDqBOngt\" title=\"YouTube video player\" frameborder=\"0\" allow=\"accelerometer; autoplay; clipboard-write; encrypted-media; gyroscope; picture-in-picture; web-share\" referrerpolicy=\"strict-origin-when-cross-origin\" allowfullscreen><\/iframe>\n<\/div>\n<\/div>\n\n\n\n<div class=\"wp-block-columns is-layout-flex wp-container-core-columns-is-layout-9d6595d7 wp-block-columns-is-layout-flex\">\n<div class=\"wp-block-column is-layout-flow wp-block-column-is-layout-flow\">\n<figure class=\"wp-block-image size-large\"><img loading=\"lazy\" decoding=\"async\" width=\"1024\" height=\"768\" src=\"http:\/\/xn--laviacr-7za.com\/wp-content\/uploads\/2024\/04\/1-1024x768.jpeg\" alt=\"\" class=\"wp-image-328\" srcset=\"http:\/\/xn--laviacr-7za.com\/wp-content\/uploads\/2024\/04\/1-1024x768.jpeg 1024w, http:\/\/xn--laviacr-7za.com\/wp-content\/uploads\/2024\/04\/1-300x225.jpeg 300w, http:\/\/xn--laviacr-7za.com\/wp-content\/uploads\/2024\/04\/1-768x576.jpeg 768w, http:\/\/xn--laviacr-7za.com\/wp-content\/uploads\/2024\/04\/1-1536x1152.jpeg 1536w, http:\/\/xn--laviacr-7za.com\/wp-content\/uploads\/2024\/04\/1-80x60.jpeg 80w, http:\/\/xn--laviacr-7za.com\/wp-content\/uploads\/2024\/04\/1.jpeg 1600w\" sizes=\"auto, (max-width: 1024px) 100vw, 1024px\" \/><\/figure>\n<\/div>\n\n\n\n<div class=\"wp-block-column is-layout-flow wp-block-column-is-layout-flow\">\n<figure class=\"wp-block-image size-large\"><img loading=\"lazy\" decoding=\"async\" width=\"1024\" height=\"768\" src=\"http:\/\/xn--laviacr-7za.com\/wp-content\/uploads\/2024\/04\/WhatsApp-Image-2024-04-11-at-13.21.41-1024x768.jpeg\" alt=\"\" class=\"wp-image-340\" srcset=\"http:\/\/xn--laviacr-7za.com\/wp-content\/uploads\/2024\/04\/WhatsApp-Image-2024-04-11-at-13.21.41-1024x768.jpeg 1024w, http:\/\/xn--laviacr-7za.com\/wp-content\/uploads\/2024\/04\/WhatsApp-Image-2024-04-11-at-13.21.41-300x225.jpeg 300w, http:\/\/xn--laviacr-7za.com\/wp-content\/uploads\/2024\/04\/WhatsApp-Image-2024-04-11-at-13.21.41-768x576.jpeg 768w, http:\/\/xn--laviacr-7za.com\/wp-content\/uploads\/2024\/04\/WhatsApp-Image-2024-04-11-at-13.21.41-1536x1152.jpeg 1536w, http:\/\/xn--laviacr-7za.com\/wp-content\/uploads\/2024\/04\/WhatsApp-Image-2024-04-11-at-13.21.41-80x60.jpeg 80w, http:\/\/xn--laviacr-7za.com\/wp-content\/uploads\/2024\/04\/WhatsApp-Image-2024-04-11-at-13.21.41.jpeg 1600w\" sizes=\"auto, (max-width: 1024px) 100vw, 1024px\" \/><\/figure>\n<\/div>\n<\/div>\n\n\n\n<div class=\"wp-block-columns is-layout-flex wp-container-core-columns-is-layout-9d6595d7 wp-block-columns-is-layout-flex\">\n<div class=\"wp-block-column is-layout-flow wp-block-column-is-layout-flow\">\n<figure class=\"wp-block-image size-large\"><img loading=\"lazy\" decoding=\"async\" width=\"1024\" height=\"544\" src=\"http:\/\/xn--laviacr-7za.com\/wp-content\/uploads\/2024\/04\/2-1-1024x544.jpeg\" alt=\"\" class=\"wp-image-336\" style=\"aspect-ratio:16\/9;object-fit:cover\" srcset=\"http:\/\/xn--laviacr-7za.com\/wp-content\/uploads\/2024\/04\/2-1-1024x544.jpeg 1024w, http:\/\/xn--laviacr-7za.com\/wp-content\/uploads\/2024\/04\/2-1-300x159.jpeg 300w, http:\/\/xn--laviacr-7za.com\/wp-content\/uploads\/2024\/04\/2-1-768x408.jpeg 768w, http:\/\/xn--laviacr-7za.com\/wp-content\/uploads\/2024\/04\/2-1-1536x816.jpeg 1536w, http:\/\/xn--laviacr-7za.com\/wp-content\/uploads\/2024\/04\/2-1-113x60.jpeg 113w, http:\/\/xn--laviacr-7za.com\/wp-content\/uploads\/2024\/04\/2-1.jpeg 1600w\" sizes=\"auto, (max-width: 1024px) 100vw, 1024px\" \/><\/figure>\n<\/div>\n\n\n\n<div class=\"wp-block-column is-layout-flow wp-block-column-is-layout-flow\">\n<figure class=\"wp-block-image size-large\"><img loading=\"lazy\" decoding=\"async\" width=\"1600\" height=\"900\" src=\"http:\/\/xn--laviacr-7za.com\/wp-content\/uploads\/2024\/04\/WhatsApp-Image-2024-04-11-at-13.21.42-1-edited.jpeg\" alt=\"\" class=\"wp-image-342\" srcset=\"http:\/\/xn--laviacr-7za.com\/wp-content\/uploads\/2024\/04\/WhatsApp-Image-2024-04-11-at-13.21.42-1-edited.jpeg 1600w, http:\/\/xn--laviacr-7za.com\/wp-content\/uploads\/2024\/04\/WhatsApp-Image-2024-04-11-at-13.21.42-1-edited-300x169.jpeg 300w, http:\/\/xn--laviacr-7za.com\/wp-content\/uploads\/2024\/04\/WhatsApp-Image-2024-04-11-at-13.21.42-1-edited-1024x576.jpeg 1024w, http:\/\/xn--laviacr-7za.com\/wp-content\/uploads\/2024\/04\/WhatsApp-Image-2024-04-11-at-13.21.42-1-edited-768x432.jpeg 768w, http:\/\/xn--laviacr-7za.com\/wp-content\/uploads\/2024\/04\/WhatsApp-Image-2024-04-11-at-13.21.42-1-edited-1536x864.jpeg 1536w, http:\/\/xn--laviacr-7za.com\/wp-content\/uploads\/2024\/04\/WhatsApp-Image-2024-04-11-at-13.21.42-1-edited-107x60.jpeg 107w, http:\/\/xn--laviacr-7za.com\/wp-content\/uploads\/2024\/04\/WhatsApp-Image-2024-04-11-at-13.21.42-1-edited-840x473.jpeg 840w\" sizes=\"auto, (max-width: 1600px) 100vw, 1600px\" \/><\/figure>\n<\/div>\n<\/div>\n\n\n\n<div class=\"wp-block-columns is-layout-flex wp-container-core-columns-is-layout-9d6595d7 wp-block-columns-is-layout-flex\">\n<div class=\"wp-block-column is-layout-flow wp-block-column-is-layout-flow\">\n<figure class=\"wp-block-image size-large\"><img loading=\"lazy\" decoding=\"async\" width=\"1024\" height=\"680\" src=\"http:\/\/xn--laviacr-7za.com\/wp-content\/uploads\/2024\/04\/WhatsApp-Image-2024-04-11-at-13.21.45-3-1024x680.jpeg\" alt=\"\" class=\"wp-image-352\" srcset=\"http:\/\/xn--laviacr-7za.com\/wp-content\/uploads\/2024\/04\/WhatsApp-Image-2024-04-11-at-13.21.45-3-1024x680.jpeg 1024w, http:\/\/xn--laviacr-7za.com\/wp-content\/uploads\/2024\/04\/WhatsApp-Image-2024-04-11-at-13.21.45-3-300x199.jpeg 300w, http:\/\/xn--laviacr-7za.com\/wp-content\/uploads\/2024\/04\/WhatsApp-Image-2024-04-11-at-13.21.45-3-768x510.jpeg 768w, http:\/\/xn--laviacr-7za.com\/wp-content\/uploads\/2024\/04\/WhatsApp-Image-2024-04-11-at-13.21.45-3-1536x1020.jpeg 1536w, http:\/\/xn--laviacr-7za.com\/wp-content\/uploads\/2024\/04\/WhatsApp-Image-2024-04-11-at-13.21.45-3-90x60.jpeg 90w, http:\/\/xn--laviacr-7za.com\/wp-content\/uploads\/2024\/04\/WhatsApp-Image-2024-04-11-at-13.21.45-3-800x530.jpeg 800w, http:\/\/xn--laviacr-7za.com\/wp-content\/uploads\/2024\/04\/WhatsApp-Image-2024-04-11-at-13.21.45-3-420x280.jpeg 420w, http:\/\/xn--laviacr-7za.com\/wp-content\/uploads\/2024\/04\/WhatsApp-Image-2024-04-11-at-13.21.45-3.jpeg 1600w\" sizes=\"auto, (max-width: 1024px) 100vw, 1024px\" \/><\/figure>\n<\/div>\n\n\n\n<div class=\"wp-block-column is-layout-flow wp-block-column-is-layout-flow\">\n<figure class=\"wp-block-image size-large\"><img loading=\"lazy\" decoding=\"async\" width=\"1024\" height=\"680\" src=\"http:\/\/xn--laviacr-7za.com\/wp-content\/uploads\/2024\/04\/WhatsApp-Image-2024-04-11-at-13.21.43-1024x680.jpeg\" alt=\"\" class=\"wp-image-344\" srcset=\"http:\/\/xn--laviacr-7za.com\/wp-content\/uploads\/2024\/04\/WhatsApp-Image-2024-04-11-at-13.21.43-1024x680.jpeg 1024w, http:\/\/xn--laviacr-7za.com\/wp-content\/uploads\/2024\/04\/WhatsApp-Image-2024-04-11-at-13.21.43-300x199.jpeg 300w, http:\/\/xn--laviacr-7za.com\/wp-content\/uploads\/2024\/04\/WhatsApp-Image-2024-04-11-at-13.21.43-768x510.jpeg 768w, http:\/\/xn--laviacr-7za.com\/wp-content\/uploads\/2024\/04\/WhatsApp-Image-2024-04-11-at-13.21.43-1536x1020.jpeg 1536w, http:\/\/xn--laviacr-7za.com\/wp-content\/uploads\/2024\/04\/WhatsApp-Image-2024-04-11-at-13.21.43-90x60.jpeg 90w, http:\/\/xn--laviacr-7za.com\/wp-content\/uploads\/2024\/04\/WhatsApp-Image-2024-04-11-at-13.21.43-800x530.jpeg 800w, http:\/\/xn--laviacr-7za.com\/wp-content\/uploads\/2024\/04\/WhatsApp-Image-2024-04-11-at-13.21.43-420x280.jpeg 420w, http:\/\/xn--laviacr-7za.com\/wp-content\/uploads\/2024\/04\/WhatsApp-Image-2024-04-11-at-13.21.43.jpeg 1600w\" sizes=\"auto, (max-width: 1024px) 100vw, 1024px\" \/><\/figure>\n<\/div>\n<\/div>\n\n\n\n<div class=\"wp-block-columns is-layout-flex wp-container-core-columns-is-layout-9d6595d7 wp-block-columns-is-layout-flex\">\n<div class=\"wp-block-column is-layout-flow wp-block-column-is-layout-flow\">\n<figure class=\"wp-block-image size-large\"><img loading=\"lazy\" decoding=\"async\" width=\"768\" height=\"1024\" src=\"http:\/\/xn--laviacr-7za.com\/wp-content\/uploads\/2024\/04\/WhatsApp-Image-2024-04-11-at-13.21.43-2-768x1024.jpeg\" alt=\"\" class=\"wp-image-345\" srcset=\"http:\/\/xn--laviacr-7za.com\/wp-content\/uploads\/2024\/04\/WhatsApp-Image-2024-04-11-at-13.21.43-2-768x1024.jpeg 768w, http:\/\/xn--laviacr-7za.com\/wp-content\/uploads\/2024\/04\/WhatsApp-Image-2024-04-11-at-13.21.43-2-225x300.jpeg 225w, http:\/\/xn--laviacr-7za.com\/wp-content\/uploads\/2024\/04\/WhatsApp-Image-2024-04-11-at-13.21.43-2-1152x1536.jpeg 1152w, http:\/\/xn--laviacr-7za.com\/wp-content\/uploads\/2024\/04\/WhatsApp-Image-2024-04-11-at-13.21.43-2-45x60.jpeg 45w, http:\/\/xn--laviacr-7za.com\/wp-content\/uploads\/2024\/04\/WhatsApp-Image-2024-04-11-at-13.21.43-2.jpeg 1200w\" sizes=\"auto, (max-width: 768px) 100vw, 768px\" \/><\/figure>\n<\/div>\n\n\n\n<div class=\"wp-block-column is-layout-flow wp-block-column-is-layout-flow\">\n<figure class=\"wp-block-image size-large\"><img loading=\"lazy\" decoding=\"async\" width=\"768\" height=\"1024\" src=\"http:\/\/xn--laviacr-7za.com\/wp-content\/uploads\/2024\/04\/WhatsApp-Image-2024-04-11-at-13.21.44-1-768x1024.jpeg\" alt=\"\" class=\"wp-image-346\" srcset=\"http:\/\/xn--laviacr-7za.com\/wp-content\/uploads\/2024\/04\/WhatsApp-Image-2024-04-11-at-13.21.44-1-768x1024.jpeg 768w, http:\/\/xn--laviacr-7za.com\/wp-content\/uploads\/2024\/04\/WhatsApp-Image-2024-04-11-at-13.21.44-1-225x300.jpeg 225w, http:\/\/xn--laviacr-7za.com\/wp-content\/uploads\/2024\/04\/WhatsApp-Image-2024-04-11-at-13.21.44-1-1152x1536.jpeg 1152w, http:\/\/xn--laviacr-7za.com\/wp-content\/uploads\/2024\/04\/WhatsApp-Image-2024-04-11-at-13.21.44-1-45x60.jpeg 45w, http:\/\/xn--laviacr-7za.com\/wp-content\/uploads\/2024\/04\/WhatsApp-Image-2024-04-11-at-13.21.44-1.jpeg 1200w\" sizes=\"auto, (max-width: 768px) 100vw, 768px\" \/><\/figure>\n<\/div>\n<\/div>\n\n\n\n<div class=\"wp-block-columns is-layout-flex wp-container-core-columns-is-layout-9d6595d7 wp-block-columns-is-layout-flex\">\n<div class=\"wp-block-column is-layout-flow wp-block-column-is-layout-flow\">\n<figure class=\"wp-block-image size-large\"><img loading=\"lazy\" decoding=\"async\" width=\"1024\" height=\"768\" src=\"http:\/\/xn--laviacr-7za.com\/wp-content\/uploads\/2024\/04\/WhatsApp-Image-2024-04-11-at-13.21.45-1-1024x768.jpeg\" alt=\"\" class=\"wp-image-347\" srcset=\"http:\/\/xn--laviacr-7za.com\/wp-content\/uploads\/2024\/04\/WhatsApp-Image-2024-04-11-at-13.21.45-1-1024x768.jpeg 1024w, http:\/\/xn--laviacr-7za.com\/wp-content\/uploads\/2024\/04\/WhatsApp-Image-2024-04-11-at-13.21.45-1-300x225.jpeg 300w, http:\/\/xn--laviacr-7za.com\/wp-content\/uploads\/2024\/04\/WhatsApp-Image-2024-04-11-at-13.21.45-1-768x576.jpeg 768w, http:\/\/xn--laviacr-7za.com\/wp-content\/uploads\/2024\/04\/WhatsApp-Image-2024-04-11-at-13.21.45-1-1536x1152.jpeg 1536w, http:\/\/xn--laviacr-7za.com\/wp-content\/uploads\/2024\/04\/WhatsApp-Image-2024-04-11-at-13.21.45-1-80x60.jpeg 80w, http:\/\/xn--laviacr-7za.com\/wp-content\/uploads\/2024\/04\/WhatsApp-Image-2024-04-11-at-13.21.45-1.jpeg 1600w\" sizes=\"auto, (max-width: 1024px) 100vw, 1024px\" \/><\/figure>\n<\/div>\n\n\n\n<div class=\"wp-block-column is-layout-flow wp-block-column-is-layout-flow\">\n<figure class=\"wp-block-image size-large\"><img loading=\"lazy\" decoding=\"async\" width=\"1024\" height=\"759\" src=\"http:\/\/xn--laviacr-7za.com\/wp-content\/uploads\/2024\/04\/WhatsApp-Image-2024-04-11-at-13.21.45-2-1024x759.jpeg\" alt=\"\" class=\"wp-image-348\" srcset=\"http:\/\/xn--laviacr-7za.com\/wp-content\/uploads\/2024\/04\/WhatsApp-Image-2024-04-11-at-13.21.45-2-1024x759.jpeg 1024w, http:\/\/xn--laviacr-7za.com\/wp-content\/uploads\/2024\/04\/WhatsApp-Image-2024-04-11-at-13.21.45-2-300x222.jpeg 300w, http:\/\/xn--laviacr-7za.com\/wp-content\/uploads\/2024\/04\/WhatsApp-Image-2024-04-11-at-13.21.45-2-768x569.jpeg 768w, http:\/\/xn--laviacr-7za.com\/wp-content\/uploads\/2024\/04\/WhatsApp-Image-2024-04-11-at-13.21.45-2-1536x1139.jpeg 1536w, http:\/\/xn--laviacr-7za.com\/wp-content\/uploads\/2024\/04\/WhatsApp-Image-2024-04-11-at-13.21.45-2-81x60.jpeg 81w, http:\/\/xn--laviacr-7za.com\/wp-content\/uploads\/2024\/04\/WhatsApp-Image-2024-04-11-at-13.21.45-2.jpeg 1600w\" sizes=\"auto, (max-width: 1024px) 100vw, 1024px\" \/><\/figure>\n<\/div>\n<\/div>\n\n\n\n<div class=\"wp-block-columns is-layout-flex wp-container-core-columns-is-layout-9d6595d7 wp-block-columns-is-layout-flex\">\n<div class=\"wp-block-column is-layout-flow wp-block-column-is-layout-flow\">\n<figure class=\"wp-block-image size-large\"><img loading=\"lazy\" decoding=\"async\" width=\"1024\" height=\"768\" src=\"http:\/\/xn--laviacr-7za.com\/wp-content\/uploads\/2024\/04\/WhatsApp-Image-2024-04-11-at-13.21.45-1024x768.jpeg\" alt=\"\" class=\"wp-image-349\" srcset=\"http:\/\/xn--laviacr-7za.com\/wp-content\/uploads\/2024\/04\/WhatsApp-Image-2024-04-11-at-13.21.45-1024x768.jpeg 1024w, http:\/\/xn--laviacr-7za.com\/wp-content\/uploads\/2024\/04\/WhatsApp-Image-2024-04-11-at-13.21.45-300x225.jpeg 300w, http:\/\/xn--laviacr-7za.com\/wp-content\/uploads\/2024\/04\/WhatsApp-Image-2024-04-11-at-13.21.45-768x576.jpeg 768w, http:\/\/xn--laviacr-7za.com\/wp-content\/uploads\/2024\/04\/WhatsApp-Image-2024-04-11-at-13.21.45-1536x1152.jpeg 1536w, http:\/\/xn--laviacr-7za.com\/wp-content\/uploads\/2024\/04\/WhatsApp-Image-2024-04-11-at-13.21.45-80x60.jpeg 80w, http:\/\/xn--laviacr-7za.com\/wp-content\/uploads\/2024\/04\/WhatsApp-Image-2024-04-11-at-13.21.45.jpeg 1600w\" sizes=\"auto, (max-width: 1024px) 100vw, 1024px\" \/><\/figure>\n<\/div>\n\n\n\n<div class=\"wp-block-column is-layout-flow wp-block-column-is-layout-flow\">\n<figure class=\"wp-block-image size-large\"><img loading=\"lazy\" decoding=\"async\" width=\"1024\" height=\"768\" src=\"http:\/\/xn--laviacr-7za.com\/wp-content\/uploads\/2024\/04\/WhatsApp-Image-2024-04-11-at-13.21.47-2-1024x768.jpeg\" alt=\"\" class=\"wp-image-350\" srcset=\"http:\/\/xn--laviacr-7za.com\/wp-content\/uploads\/2024\/04\/WhatsApp-Image-2024-04-11-at-13.21.47-2-1024x768.jpeg 1024w, http:\/\/xn--laviacr-7za.com\/wp-content\/uploads\/2024\/04\/WhatsApp-Image-2024-04-11-at-13.21.47-2-300x225.jpeg 300w, http:\/\/xn--laviacr-7za.com\/wp-content\/uploads\/2024\/04\/WhatsApp-Image-2024-04-11-at-13.21.47-2-768x576.jpeg 768w, http:\/\/xn--laviacr-7za.com\/wp-content\/uploads\/2024\/04\/WhatsApp-Image-2024-04-11-at-13.21.47-2-1536x1152.jpeg 1536w, http:\/\/xn--laviacr-7za.com\/wp-content\/uploads\/2024\/04\/WhatsApp-Image-2024-04-11-at-13.21.47-2-80x60.jpeg 80w, http:\/\/xn--laviacr-7za.com\/wp-content\/uploads\/2024\/04\/WhatsApp-Image-2024-04-11-at-13.21.47-2.jpeg 1600w\" sizes=\"auto, (max-width: 1024px) 100vw, 1024px\" \/><\/figure>\n<\/div>\n<\/div>\n\n\n\n<div class=\"wp-block-columns is-layout-flex wp-container-core-columns-is-layout-9d6595d7 wp-block-columns-is-layout-flex\">\n<div class=\"wp-block-column is-layout-flow wp-block-column-is-layout-flow\">\n<figure class=\"wp-block-image size-large\"><img loading=\"lazy\" decoding=\"async\" width=\"1024\" height=\"768\" src=\"http:\/\/xn--laviacr-7za.com\/wp-content\/uploads\/2024\/04\/WhatsApp-Image-2024-04-11-at-13.21.46-3-1024x768.jpeg\" alt=\"\" class=\"wp-image-351\" srcset=\"http:\/\/xn--laviacr-7za.com\/wp-content\/uploads\/2024\/04\/WhatsApp-Image-2024-04-11-at-13.21.46-3-1024x768.jpeg 1024w, http:\/\/xn--laviacr-7za.com\/wp-content\/uploads\/2024\/04\/WhatsApp-Image-2024-04-11-at-13.21.46-3-300x225.jpeg 300w, http:\/\/xn--laviacr-7za.com\/wp-content\/uploads\/2024\/04\/WhatsApp-Image-2024-04-11-at-13.21.46-3-768x576.jpeg 768w, http:\/\/xn--laviacr-7za.com\/wp-content\/uploads\/2024\/04\/WhatsApp-Image-2024-04-11-at-13.21.46-3-1536x1152.jpeg 1536w, http:\/\/xn--laviacr-7za.com\/wp-content\/uploads\/2024\/04\/WhatsApp-Image-2024-04-11-at-13.21.46-3-80x60.jpeg 80w, http:\/\/xn--laviacr-7za.com\/wp-content\/uploads\/2024\/04\/WhatsApp-Image-2024-04-11-at-13.21.46-3.jpeg 1600w\" sizes=\"auto, (max-width: 1024px) 100vw, 1024px\" \/><\/figure>\n<\/div>\n\n\n\n<div class=\"wp-block-column is-layout-flow wp-block-column-is-layout-flow\">\n<figure class=\"wp-block-image size-large\"><img loading=\"lazy\" decoding=\"async\" width=\"1024\" height=\"768\" src=\"http:\/\/xn--laviacr-7za.com\/wp-content\/uploads\/2024\/04\/WhatsApp-Image-2024-04-11-at-13.21.43-1-1024x768.jpeg\" alt=\"\" class=\"wp-image-343\" srcset=\"http:\/\/xn--laviacr-7za.com\/wp-content\/uploads\/2024\/04\/WhatsApp-Image-2024-04-11-at-13.21.43-1-1024x768.jpeg 1024w, http:\/\/xn--laviacr-7za.com\/wp-content\/uploads\/2024\/04\/WhatsApp-Image-2024-04-11-at-13.21.43-1-300x225.jpeg 300w, http:\/\/xn--laviacr-7za.com\/wp-content\/uploads\/2024\/04\/WhatsApp-Image-2024-04-11-at-13.21.43-1-768x576.jpeg 768w, http:\/\/xn--laviacr-7za.com\/wp-content\/uploads\/2024\/04\/WhatsApp-Image-2024-04-11-at-13.21.43-1-1536x1152.jpeg 1536w, http:\/\/xn--laviacr-7za.com\/wp-content\/uploads\/2024\/04\/WhatsApp-Image-2024-04-11-at-13.21.43-1-80x60.jpeg 80w, http:\/\/xn--laviacr-7za.com\/wp-content\/uploads\/2024\/04\/WhatsApp-Image-2024-04-11-at-13.21.43-1.jpeg 1600w\" sizes=\"auto, (max-width: 1024px) 100vw, 1024px\" \/><\/figure>\n<\/div>\n<\/div>\n\n\n\n<div class=\"wp-block-columns is-layout-flex wp-container-core-columns-is-layout-9d6595d7 wp-block-columns-is-layout-flex\">\n<div class=\"wp-block-column is-layout-flow wp-block-column-is-layout-flow\">\n<figure class=\"wp-block-image size-large\"><img loading=\"lazy\" decoding=\"async\" width=\"1024\" height=\"680\" src=\"http:\/\/xn--laviacr-7za.com\/wp-content\/uploads\/2024\/04\/WhatsApp-Image-2024-04-11-at-13.21.47-1024x680.jpeg\" alt=\"\" class=\"wp-image-357\" srcset=\"http:\/\/xn--laviacr-7za.com\/wp-content\/uploads\/2024\/04\/WhatsApp-Image-2024-04-11-at-13.21.47-1024x680.jpeg 1024w, http:\/\/xn--laviacr-7za.com\/wp-content\/uploads\/2024\/04\/WhatsApp-Image-2024-04-11-at-13.21.47-300x199.jpeg 300w, http:\/\/xn--laviacr-7za.com\/wp-content\/uploads\/2024\/04\/WhatsApp-Image-2024-04-11-at-13.21.47-768x510.jpeg 768w, http:\/\/xn--laviacr-7za.com\/wp-content\/uploads\/2024\/04\/WhatsApp-Image-2024-04-11-at-13.21.47-1536x1020.jpeg 1536w, http:\/\/xn--laviacr-7za.com\/wp-content\/uploads\/2024\/04\/WhatsApp-Image-2024-04-11-at-13.21.47-90x60.jpeg 90w, http:\/\/xn--laviacr-7za.com\/wp-content\/uploads\/2024\/04\/WhatsApp-Image-2024-04-11-at-13.21.47-800x530.jpeg 800w, http:\/\/xn--laviacr-7za.com\/wp-content\/uploads\/2024\/04\/WhatsApp-Image-2024-04-11-at-13.21.47-420x280.jpeg 420w, http:\/\/xn--laviacr-7za.com\/wp-content\/uploads\/2024\/04\/WhatsApp-Image-2024-04-11-at-13.21.47.jpeg 1600w\" sizes=\"auto, (max-width: 1024px) 100vw, 1024px\" \/><\/figure>\n<\/div>\n\n\n\n<div class=\"wp-block-column is-layout-flow wp-block-column-is-layout-flow\">\n<figure class=\"wp-block-image size-large\"><img loading=\"lazy\" decoding=\"async\" width=\"1024\" height=\"680\" src=\"http:\/\/xn--laviacr-7za.com\/wp-content\/uploads\/2024\/04\/WhatsApp-Image-2024-03-07-at-14.12.00-2-1024x680.jpeg\" alt=\"\" class=\"wp-image-356\" srcset=\"http:\/\/xn--laviacr-7za.com\/wp-content\/uploads\/2024\/04\/WhatsApp-Image-2024-03-07-at-14.12.00-2-1024x680.jpeg 1024w, http:\/\/xn--laviacr-7za.com\/wp-content\/uploads\/2024\/04\/WhatsApp-Image-2024-03-07-at-14.12.00-2-300x199.jpeg 300w, http:\/\/xn--laviacr-7za.com\/wp-content\/uploads\/2024\/04\/WhatsApp-Image-2024-03-07-at-14.12.00-2-768x510.jpeg 768w, http:\/\/xn--laviacr-7za.com\/wp-content\/uploads\/2024\/04\/WhatsApp-Image-2024-03-07-at-14.12.00-2-1536x1020.jpeg 1536w, http:\/\/xn--laviacr-7za.com\/wp-content\/uploads\/2024\/04\/WhatsApp-Image-2024-03-07-at-14.12.00-2-90x60.jpeg 90w, http:\/\/xn--laviacr-7za.com\/wp-content\/uploads\/2024\/04\/WhatsApp-Image-2024-03-07-at-14.12.00-2-800x530.jpeg 800w, http:\/\/xn--laviacr-7za.com\/wp-content\/uploads\/2024\/04\/WhatsApp-Image-2024-03-07-at-14.12.00-2-420x280.jpeg 420w, http:\/\/xn--laviacr-7za.com\/wp-content\/uploads\/2024\/04\/WhatsApp-Image-2024-03-07-at-14.12.00-2.jpeg 1600w\" sizes=\"auto, (max-width: 1024px) 100vw, 1024px\" \/><\/figure>\n<\/div>\n<\/div>\n","protected":false},"excerpt":{"rendered":"<p>El entorno que rodea el Castillo de Puebla de Alcocer forma parte de la Reserva de la&nbsp;Biosfera, ofreciendo una combinaci\u00f3n \u00fanica de patrimonio hist\u00f3rico-art\u00edstico y &hellip; <\/p>\n","protected":false},"author":1,"featured_media":0,"parent":0,"menu_order":0,"comment_status":"closed","ping_status":"closed","template":"","meta":{"_eb_attr":"","footnotes":""},"class_list":["post-17","page","type-page","status-publish","hentry","latest_post"],"_links":{"self":[{"href":"http:\/\/xn--laviacr-7za.com\/index.php\/wp-json\/wp\/v2\/pages\/17","targetHints":{"allow":["GET"]}}],"collection":[{"href":"http:\/\/xn--laviacr-7za.com\/index.php\/wp-json\/wp\/v2\/pages"}],"about":[{"href":"http:\/\/xn--laviacr-7za.com\/index.php\/wp-json\/wp\/v2\/types\/page"}],"author":[{"embeddable":true,"href":"http:\/\/xn--laviacr-7za.com\/index.php\/wp-json\/wp\/v2\/users\/1"}],"replies":[{"embeddable":true,"href":"http:\/\/xn--laviacr-7za.com\/index.php\/wp-json\/wp\/v2\/comments?post=17"}],"version-history":[{"count":15,"href":"http:\/\/xn--laviacr-7za.com\/index.php\/wp-json\/wp\/v2\/pages\/17\/revisions"}],"predecessor-version":[{"id":366,"href":"http:\/\/xn--laviacr-7za.com\/index.php\/wp-json\/wp\/v2\/pages\/17\/revisions\/366"}],"wp:attachment":[{"href":"http:\/\/xn--laviacr-7za.com\/index.php\/wp-json\/wp\/v2\/media?parent=17"}],"curies":[{"name":"wp","href":"https:\/\/api.w.org\/{rel}","templated":true}]}}