{"id":19,"date":"2024-03-11T11:21:07","date_gmt":"2024-03-11T11:21:07","guid":{"rendered":"http:\/\/xn--laviacr-7za.com\/?page_id=19"},"modified":"2024-04-23T13:19:58","modified_gmt":"2024-04-23T13:19:58","slug":"eventos","status":"publish","type":"page","link":"http:\/\/xn--laviacr-7za.com\/index.php\/eventos\/","title":{"rendered":"EVENTOS"},"content":{"rendered":"\n<p class=\"has-text-align-center\">Conoce Casa Rural La Vi\u00f1a, conoce nuestra historia, nuestro estilo y como aplicamos la sostenibilidad en la decoraci\u00f3n de espacios y rincones. Si coincides con nosotros y te gusta nuestra casa, imag\u00ednate como quedar\u00e1n tus fotos de bautizo, comuni\u00f3n, confirmaci\u00f3n, boda o cualquier otro momento especial en nuestra casa, te estamos esperando, haz de tus momentos especiales, recuerdos \u00fanicos e inolvidables. <\/p>\n\n\n\n<div class=\"wp-block-columns is-layout-flex wp-container-core-columns-is-layout-9d6595d7 wp-block-columns-is-layout-flex\">\n<div class=\"wp-block-column is-layout-flow wp-block-column-is-layout-flow\">\n<figure class=\"wp-block-image size-full\"><img loading=\"lazy\" decoding=\"async\" width=\"1024\" height=\"1024\" src=\"http:\/\/xn--laviacr-7za.com\/wp-content\/uploads\/2024\/03\/bebe_bautizo_con_faldon_en_interior_de_casa.jpg\" alt=\"\" class=\"wp-image-201\" srcset=\"http:\/\/xn--laviacr-7za.com\/wp-content\/uploads\/2024\/03\/bebe_bautizo_con_faldon_en_interior_de_casa.jpg 1024w, http:\/\/xn--laviacr-7za.com\/wp-content\/uploads\/2024\/03\/bebe_bautizo_con_faldon_en_interior_de_casa-300x300.jpg 300w, http:\/\/xn--laviacr-7za.com\/wp-content\/uploads\/2024\/03\/bebe_bautizo_con_faldon_en_interior_de_casa-150x150.jpg 150w, http:\/\/xn--laviacr-7za.com\/wp-content\/uploads\/2024\/03\/bebe_bautizo_con_faldon_en_interior_de_casa-768x768.jpg 768w, http:\/\/xn--laviacr-7za.com\/wp-content\/uploads\/2024\/03\/bebe_bautizo_con_faldon_en_interior_de_casa-60x60.jpg 60w\" sizes=\"auto, (max-width: 1024px) 100vw, 1024px\" \/><\/figure>\n\n\n\n<p><strong>SESION FOTOGRAFIAS BAUTIZO<\/strong><\/p>\n<\/div>\n\n\n\n<div class=\"wp-block-column is-layout-flow wp-block-column-is-layout-flow\">\n<figure class=\"wp-block-image size-full\"><img loading=\"lazy\" decoding=\"async\" width=\"1024\" height=\"1024\" src=\"http:\/\/xn--laviacr-7za.com\/wp-content\/uploads\/2024\/03\/NIA_DE_COMUNION_DE_ESPALDAS_EN_INTERIOR_DE_CASA-1.jpg\" alt=\"\" class=\"wp-image-200\" srcset=\"http:\/\/xn--laviacr-7za.com\/wp-content\/uploads\/2024\/03\/NIA_DE_COMUNION_DE_ESPALDAS_EN_INTERIOR_DE_CASA-1.jpg 1024w, http:\/\/xn--laviacr-7za.com\/wp-content\/uploads\/2024\/03\/NIA_DE_COMUNION_DE_ESPALDAS_EN_INTERIOR_DE_CASA-1-300x300.jpg 300w, http:\/\/xn--laviacr-7za.com\/wp-content\/uploads\/2024\/03\/NIA_DE_COMUNION_DE_ESPALDAS_EN_INTERIOR_DE_CASA-1-150x150.jpg 150w, http:\/\/xn--laviacr-7za.com\/wp-content\/uploads\/2024\/03\/NIA_DE_COMUNION_DE_ESPALDAS_EN_INTERIOR_DE_CASA-1-768x768.jpg 768w, http:\/\/xn--laviacr-7za.com\/wp-content\/uploads\/2024\/03\/NIA_DE_COMUNION_DE_ESPALDAS_EN_INTERIOR_DE_CASA-1-60x60.jpg 60w\" sizes=\"auto, (max-width: 1024px) 100vw, 1024px\" \/><\/figure>\n\n\n\n<p><strong>SESION FOTOGRAFIAS COMUNION<\/strong><\/p>\n<\/div>\n<\/div>\n\n\n\n<div class=\"wp-block-columns is-layout-flex wp-container-core-columns-is-layout-9d6595d7 wp-block-columns-is-layout-flex\">\n<div class=\"wp-block-column is-layout-flow wp-block-column-is-layout-flow\">\n<figure class=\"wp-block-image size-full\"><img loading=\"lazy\" decoding=\"async\" width=\"1024\" height=\"1024\" src=\"http:\/\/xn--laviacr-7za.com\/wp-content\/uploads\/2024\/03\/fotos_vestido_novia_yo_zapatos_colgado_en_perch.jpg\" alt=\"\" class=\"wp-image-203\" srcset=\"http:\/\/xn--laviacr-7za.com\/wp-content\/uploads\/2024\/03\/fotos_vestido_novia_yo_zapatos_colgado_en_perch.jpg 1024w, http:\/\/xn--laviacr-7za.com\/wp-content\/uploads\/2024\/03\/fotos_vestido_novia_yo_zapatos_colgado_en_perch-300x300.jpg 300w, http:\/\/xn--laviacr-7za.com\/wp-content\/uploads\/2024\/03\/fotos_vestido_novia_yo_zapatos_colgado_en_perch-150x150.jpg 150w, http:\/\/xn--laviacr-7za.com\/wp-content\/uploads\/2024\/03\/fotos_vestido_novia_yo_zapatos_colgado_en_perch-768x768.jpg 768w, http:\/\/xn--laviacr-7za.com\/wp-content\/uploads\/2024\/03\/fotos_vestido_novia_yo_zapatos_colgado_en_perch-60x60.jpg 60w\" sizes=\"auto, (max-width: 1024px) 100vw, 1024px\" \/><\/figure>\n\n\n\n<p><strong>SESION FOTOGRAFIAS BODA<\/strong><\/p>\n<\/div>\n\n\n\n<div class=\"wp-block-column is-layout-flow wp-block-column-is-layout-flow\"><\/div>\n<\/div>\n","protected":false},"excerpt":{"rendered":"<p>Conoce Casa Rural La Vi\u00f1a, conoce nuestra historia, nuestro estilo y como aplicamos la sostenibilidad en la decoraci\u00f3n de espacios y rincones. Si coincides con &hellip; <\/p>\n","protected":false},"author":1,"featured_media":0,"parent":0,"menu_order":0,"comment_status":"closed","ping_status":"closed","template":"","meta":{"_eb_attr":"","footnotes":""},"class_list":["post-19","page","type-page","status-publish","hentry","latest_post"],"_links":{"self":[{"href":"http:\/\/xn--laviacr-7za.com\/index.php\/wp-json\/wp\/v2\/pages\/19","targetHints":{"allow":["GET"]}}],"collection":[{"href":"http:\/\/xn--laviacr-7za.com\/index.php\/wp-json\/wp\/v2\/pages"}],"about":[{"href":"http:\/\/xn--laviacr-7za.com\/index.php\/wp-json\/wp\/v2\/types\/page"}],"author":[{"embeddable":true,"href":"http:\/\/xn--laviacr-7za.com\/index.php\/wp-json\/wp\/v2\/users\/1"}],"replies":[{"embeddable":true,"href":"http:\/\/xn--laviacr-7za.com\/index.php\/wp-json\/wp\/v2\/comments?post=19"}],"version-history":[{"count":4,"href":"http:\/\/xn--laviacr-7za.com\/index.php\/wp-json\/wp\/v2\/pages\/19\/revisions"}],"predecessor-version":[{"id":306,"href":"http:\/\/xn--laviacr-7za.com\/index.php\/wp-json\/wp\/v2\/pages\/19\/revisions\/306"}],"wp:attachment":[{"href":"http:\/\/xn--laviacr-7za.com\/index.php\/wp-json\/wp\/v2\/media?parent=19"}],"curies":[{"name":"wp","href":"https:\/\/api.w.org\/{rel}","templated":true}]}}